{"id":20,"date":"2019-07-16T19:18:50","date_gmt":"2019-07-16T19:18:50","guid":{"rendered":"http:\/\/www.psichoterapijos-mokymas.org\/IPT\/\/?page_id=20"},"modified":"2025-09-06T12:48:42","modified_gmt":"2025-09-06T09:48:42","slug":"programos-vykdytojai","status":"publish","type":"page","link":"https:\/\/www.psichoterapijos-mokymas.lt\/IPT\/iptk\/programos-vykdytojai\/","title":{"rendered":"Programos vykdytojai"},"content":{"rendered":"\n<p><strong>D\u0116STYTOJ\u0172\u00a0SUSIRINKIMAS<\/strong> kur\u012f\u00a0sudaro visi tuo metu programoje dirbantys d\u0117stytojai. Individualios psichodinamin\u0117s psichoterapijos kurso d\u0117stytoj\u0173 susirinkimas atsako u\u017e:<\/p>\n\n\n\n<ul class=\"wp-block-list\">\n<li>Strategini\u0173&nbsp;ir organizacini\u0173&nbsp;kurso klausim\u0173&nbsp;sprendim\u0105;<\/li>\n\n\n\n<li>Kurso mokymo med\u017eiagos parinkim\u0105;<\/li>\n\n\n\n<li>Kurso turinio nuolatin\u012f tobulinim\u0105 bei i\u0161kilusi\u0173 mokymo proceso problem\u0173&nbsp;sprendim\u0105;<\/li>\n\n\n\n<li>Klausytoj\u0173&nbsp;praktinio darbo (supervizij\u0173) proceso steb\u0117sen\u0105&nbsp;ir pa\u017eangos&nbsp;svarstym\u0105&nbsp;bei tolesn\u012f&nbsp;klausytojo mokymosi ir \/arba ra\u0161to darbo rengimo&nbsp;koordinavim\u0105;<\/li>\n\n\n\n<li>D\u0117stytoj\u0173&nbsp;susirinkimo sprendimai priimami nari\u0173&nbsp;bals\u0173&nbsp;dauguma d\u0117stytoj\u0173&nbsp;susirinkimo pos\u0117dyje, svarstymo eig\u0105&nbsp;ir rezultatus fiksuojant pos\u0117d\u017eio protokole. &nbsp; <\/li>\n<\/ul>\n\n\n\n<p><strong>MOKYMO KOMITETAS&nbsp;(MK)&nbsp;<\/strong>vykdo praktin\u012f Individualios psichodinamin\u0117s psichoterapijos kurso organizavim\u0105. MK sudaro 5 nariai: kurso vadovas, kurso koordinatorius ir MK nariai. MK yra renkamas d\u0117stytoj\u0173 susirinkime. MK i\u0161 savo nari\u0173 renka MK vadov\u0105 ir teikia jo kandidat\u016br\u0105 tvirtinimui VU Medicinos fakulteto Dekanui. Individualios psichodinamin\u0117s psichoterapijos kurso Mokymo komitetas atsako u\u017e:<\/p>\n\n\n\n<ul class=\"wp-block-list\">\n<li>Tinkam\u0105 ir kokybi\u0161k\u0105 programos turin\u012f;<\/li>\n\n\n\n<li>Programos adminstravim\u0105 ir koordinavim\u0105;<\/li>\n\n\n\n<li>Tinkam\u0105 studij\u0173 proceso organizavim\u0105;<\/li>\n\n\n\n<li>Informacijos sklaid\u0105&nbsp;bei konsultavim\u0105&nbsp;apie programos turin\u012f&nbsp;ir&nbsp;\u012fgyvendinimo&nbsp;s\u0105lygas;&nbsp; &nbsp;&nbsp;&nbsp;&nbsp;&nbsp;&nbsp;&nbsp;&nbsp;&nbsp;<\/li>\n\n\n\n<li>Informacijos apie asmenin\u0117s terapijos ir supervizij\u0173 proceso reikalavimus, \u012fgyjamas kompetencijas bei darbo su pacientais reikalavimus ir galimybes mokymosi kurs\u0173 metu teikim\u0105;<\/li>\n\n\n\n<li>Atrankos pokalbi\u0173, ra\u0161to darb\u0173 gynimo kainos nustym\u0105 ir patvirtinim\u0105;<\/li>\n\n\n\n<li>D\u0117stytoj\u0173, kuriuos klausytojai gali pasirinkti kaip individualius supervizorius ir terapeutus, s\u0105ra\u0161\u0105 bei informacijos teikim\u0105 apie j\u0173 kvalifikacij\u0105;<\/li>\n\n\n\n<li>Informacijos apie galiojan\u010dias kurso baigimo ir klausytoj\u0173 vertinimo proced\u016bras suteikim\u0105;<\/li>\n\n\n\n<li>Mokymo procese kylan\u010di\u0173 problem\u0173 sprendim\u0105;<\/li>\n\n\n\n<li>MK pos\u0117d\u017ei\u0173 darbotvark\u0117s sudarym\u0105 ir galutini\u0173 sprendim\u0173 pri\u0117mim\u0105;<\/li>\n\n\n\n<li>Mokymo med\u017eiagos rengim\u0105&nbsp;ir klausytoj\u0173&nbsp;apr\u016bpinim\u0105&nbsp;studijoms b\u016btina&nbsp;literat\u016bra;<\/li>\n\n\n\n<li>Tvirtina ra\u0161to darb\u0173&nbsp;rengimo, gynimo, vertinimo ir saugojimo tvark\u0105.<\/li>\n<\/ul>\n\n\n\n<p>MK sprendimai priimami nari\u0173&nbsp;bals\u0173 dauguma MK pos\u0117dyje, juos fiksuojant&nbsp;pos\u0117d\u017eio protokole. MK pos\u0117dis laikomas \u012fvykusiu, jei jame dalyvauja bent keturi komiteto nariai. Esant lygiam bals\u0173 pasiskirstymui, sprendim\u0105 lemia MK pirmininkas.<\/p>\n\n\n\n<p> <strong>Programos vadov\u0117<\/strong>: doc. dr. Rima Vili\u016bnien\u0117  <\/p>\n\n\n\n<p><strong>Progr. koordinator\u0117<\/strong>: Au\u0161ra \u0160apranauskien\u0117 <\/p>\n\n\n\n<p><strong>Programos mokymo komitetas (MK)<\/strong>: I. Ga\u0161kait\u0117, A. \u0160apranauskien\u0117, I. \u0160ulcien\u0117, R. Vili\u016bnien\u0117, M. \u017duk\u0117<\/p>\n\n\n\n<p><strong>Programoje d\u0117sto<\/strong>:\u00a0L. Andrikien\u0117, S. A\u0161vydien\u0117, G. Ba\u010dien\u0117, J. Da\u0161kevi\u010dien\u0117, B. Flemming, I. Ga\u0161kait\u0117, I. Grauslien\u0117, T. Grigonis, A. Kurien\u0117, J. La\u017einskien\u0117, E. Laurinaitis, V. Mickut\u0117, R. Mila\u0161i\u016bnas, K. Mork\u016bnien\u0117, D. Natkevi\u010dien\u0117, A. Nemanien\u0117, E. Petkut\u0117, R. Samu\u0161yt\u0117, G. Stanik\u016bn\u0117, A. \u0160apranauskien\u0117, I. \u0160ulcien\u0117, I. Treigien\u0117, I. Undaravi\u010dien\u0117, J. Ulevi\u010dien\u0117, D. Verseckien\u0117, R. Vili\u016bnien\u0117, R. \u017didonien\u0117, M. \u017duk\u0117 bei kvie\u010diami geriausi savo srities profesionalai atskiroms specifin\u0117ms temos i\u0161d\u0117styti.<\/p>\n\n\n\n<p>D\u0117l vis\u0173 kylan\u010di\u0173 klausim\u0173 bei neai\u0161kum\u0173 galima kreiptis \u012f programos mokymo komitet\u0105 <a rel=\"noreferrer noopener\" href=\"mailto:psichodinamine@gmail.com\" target=\"_blank\"><em>psichodinamine@gmail.com<\/em><\/a><em> <\/em><\/p>\n\n\n\n<p><\/p>\n","protected":false},"excerpt":{"rendered":"<p>D\u0116STYTOJ\u0172\u00a0SUSIRINKIMAS kur\u012f\u00a0sudaro visi tuo metu programoje dirbantys d\u0117stytojai. Individualios psichodinamin\u0117s psichoterapijos kurso d\u0117stytoj\u0173 susirinkimas atsako u\u017e: MOKYMO KOMITETAS&nbsp;(MK)&nbsp;vykdo praktin\u012f Individualios psichodinamin\u0117s psichoterapijos kurso organizavim\u0105. MK sudaro 5 nariai: kurso vadovas, kurso koordinatorius ir MK nariai. MK yra renkamas d\u0117stytoj\u0173 susirinkime. MK i\u0161 savo nari\u0173 renka MK vadov\u0105 ir teikia jo kandidat\u016br\u0105 tvirtinimui VU Medicinos fakulteto [&hellip;]<\/p>\n","protected":false},"author":1,"featured_media":0,"parent":5,"menu_order":1,"comment_status":"closed","ping_status":"closed","template":"","meta":{"footnotes":""},"class_list":["post-20","page","type-page","status-publish","hentry"],"_links":{"self":[{"href":"https:\/\/www.psichoterapijos-mokymas.lt\/IPT\/wp-json\/wp\/v2\/pages\/20","targetHints":{"allow":["GET"]}}],"collection":[{"href":"https:\/\/www.psichoterapijos-mokymas.lt\/IPT\/wp-json\/wp\/v2\/pages"}],"about":[{"href":"https:\/\/www.psichoterapijos-mokymas.lt\/IPT\/wp-json\/wp\/v2\/types\/page"}],"author":[{"embeddable":true,"href":"https:\/\/www.psichoterapijos-mokymas.lt\/IPT\/wp-json\/wp\/v2\/users\/1"}],"replies":[{"embeddable":true,"href":"https:\/\/www.psichoterapijos-mokymas.lt\/IPT\/wp-json\/wp\/v2\/comments?post=20"}],"version-history":[{"count":20,"href":"https:\/\/www.psichoterapijos-mokymas.lt\/IPT\/wp-json\/wp\/v2\/pages\/20\/revisions"}],"predecessor-version":[{"id":573,"href":"https:\/\/www.psichoterapijos-mokymas.lt\/IPT\/wp-json\/wp\/v2\/pages\/20\/revisions\/573"}],"up":[{"embeddable":true,"href":"https:\/\/www.psichoterapijos-mokymas.lt\/IPT\/wp-json\/wp\/v2\/pages\/5"}],"wp:attachment":[{"href":"https:\/\/www.psichoterapijos-mokymas.lt\/IPT\/wp-json\/wp\/v2\/media?parent=20"}],"curies":[{"name":"wp","href":"https:\/\/api.w.org\/{rel}","templated":true}]}}