{"id":24,"date":"2019-07-16T19:45:30","date_gmt":"2019-07-16T19:45:30","guid":{"rendered":"http:\/\/www.psichoterapijos-mokymas.org\/IPT\/\/?page_id=24"},"modified":"2025-08-31T21:41:15","modified_gmt":"2025-08-31T18:41:15","slug":"kursanto-teises-ir-pareigos","status":"publish","type":"page","link":"https:\/\/www.psichoterapijos-mokymas.lt\/IPT\/iptk\/kursanto-teises-ir-pareigos\/","title":{"rendered":"Kursanto teis\u0117s ir pareigos"},"content":{"rendered":"\n<p><strong>Kursantas turi teis\u0119:<\/strong><\/p>\n\n\n\n<p>&#8211; gauti informacij\u0105 apie mokymo programos turin\u012f, mokytoj\u0173 kvalifikacij\u0105 bei kurso organizavimo tvark\u0105;<br>&#8211; gauti privalomos ir papildomos literat\u016bros s\u0105ra\u0161\u0105;<br>&#8211; pra\u0161yti akademini\u0173 atostog\u0173;\u00a0<br>&#8211; kartoti kurs\u0105, jei yra praleista daugiau nei leistina programos valand\u0173;<br>&#8211; kartoti kurs\u0105, mokymo komitetui rekomendavus;<br>&#8211; pra\u0161yti atid\u0117ti darbo gynim\u0105 ir egzamin\u0105.<\/p>\n\n\n\n<p><strong>Kursanto pareigos:<\/strong><\/p>\n\n\n\n<p>&#8211; vykdyti sutartyje numatytus \u012fsipareigojimus; j\u0173 nesilaik\u0119s kursantas gali b\u016bti pa\u0161alintas i\u0161 mokymo programos. Pa\u0161alinimo atveju pinigai negr\u0105\u017einami;<br>&#8211; laikytis IPTK Studij\u0173 reglamento;<br>&#8211; laikytis IPTK Etikos kodekso.<\/p>\n","protected":false},"excerpt":{"rendered":"<p>Kursantas turi teis\u0119: &#8211; gauti informacij\u0105 apie mokymo programos turin\u012f, mokytoj\u0173 kvalifikacij\u0105 bei kurso organizavimo tvark\u0105;&#8211; gauti privalomos ir papildomos literat\u016bros s\u0105ra\u0161\u0105;&#8211; pra\u0161yti akademini\u0173 atostog\u0173;\u00a0&#8211; kartoti kurs\u0105, jei yra praleista daugiau nei leistina programos valand\u0173;&#8211; kartoti kurs\u0105, mokymo komitetui rekomendavus;&#8211; pra\u0161yti atid\u0117ti darbo gynim\u0105 ir egzamin\u0105. Kursanto pareigos: &#8211; vykdyti sutartyje numatytus \u012fsipareigojimus; j\u0173 nesilaik\u0119s [&hellip;]<\/p>\n","protected":false},"author":1,"featured_media":0,"parent":5,"menu_order":2,"comment_status":"closed","ping_status":"closed","template":"","meta":{"footnotes":""},"class_list":["post-24","page","type-page","status-publish","hentry"],"_links":{"self":[{"href":"https:\/\/www.psichoterapijos-mokymas.lt\/IPT\/wp-json\/wp\/v2\/pages\/24","targetHints":{"allow":["GET"]}}],"collection":[{"href":"https:\/\/www.psichoterapijos-mokymas.lt\/IPT\/wp-json\/wp\/v2\/pages"}],"about":[{"href":"https:\/\/www.psichoterapijos-mokymas.lt\/IPT\/wp-json\/wp\/v2\/types\/page"}],"author":[{"embeddable":true,"href":"https:\/\/www.psichoterapijos-mokymas.lt\/IPT\/wp-json\/wp\/v2\/users\/1"}],"replies":[{"embeddable":true,"href":"https:\/\/www.psichoterapijos-mokymas.lt\/IPT\/wp-json\/wp\/v2\/comments?post=24"}],"version-history":[{"count":6,"href":"https:\/\/www.psichoterapijos-mokymas.lt\/IPT\/wp-json\/wp\/v2\/pages\/24\/revisions"}],"predecessor-version":[{"id":549,"href":"https:\/\/www.psichoterapijos-mokymas.lt\/IPT\/wp-json\/wp\/v2\/pages\/24\/revisions\/549"}],"up":[{"embeddable":true,"href":"https:\/\/www.psichoterapijos-mokymas.lt\/IPT\/wp-json\/wp\/v2\/pages\/5"}],"wp:attachment":[{"href":"https:\/\/www.psichoterapijos-mokymas.lt\/IPT\/wp-json\/wp\/v2\/media?parent=24"}],"curies":[{"name":"wp","href":"https:\/\/api.w.org\/{rel}","templated":true}]}}