{"id":27,"date":"2019-07-16T19:46:16","date_gmt":"2019-07-16T19:46:16","guid":{"rendered":"http:\/\/www.psichoterapijos-mokymas.org\/IPT\/\/?page_id=27"},"modified":"2025-08-31T21:46:58","modified_gmt":"2025-08-31T18:46:58","slug":"absolventai","status":"publish","type":"page","link":"https:\/\/www.psichoterapijos-mokymas.lt\/IPT\/iptk\/absolventai\/","title":{"rendered":"Absolventai"},"content":{"rendered":"\n<p><strong>Specialistai, s\u0117kmingai baig\u0119&nbsp;Individualios psichodinamin\u0117s psichoterapijos mokymo program\u0105:<\/strong>&nbsp;<\/p>\n\n\n\n<ol class=\"wp-block-list\">\n<li>Alseikien\u0117 Zita<\/li>\n\n\n\n<li>Aputyt\u0117 Vijol\u0117<\/li>\n\n\n\n<li>Udrien\u0117 Regina<\/li>\n\n\n\n<li>La\u017einskien\u0117 J\u016brat\u0117<\/li>\n\n\n\n<li>Kuzmickas K\u0119stutis<\/li>\n\n\n\n<li>Butkut\u0117 Au\u0161ra&nbsp;&nbsp;<\/li>\n\n\n\n<li>Deltuvien\u0117 Daiva&nbsp;&nbsp;&nbsp;&nbsp;&nbsp;&nbsp;&nbsp;&nbsp;&nbsp;&nbsp;&nbsp;&nbsp;&nbsp;&nbsp;&nbsp;&nbsp;&nbsp;&nbsp;&nbsp;&nbsp;&nbsp;&nbsp;<\/li>\n\n\n\n<li>Barganzoni (Kajokien\u0117) Asta<\/li>\n\n\n\n<li>Mamykina Ema<\/li>\n\n\n\n<li>Matulionien\u0117 Vida<\/li>\n\n\n\n<li>Naujokien\u0117 Stefa<\/li>\n\n\n\n<li>Neverauskas Julius&nbsp;&nbsp;<\/li>\n\n\n\n<li>Puod\u017eiukynait\u0117 Marija&nbsp;&nbsp; &nbsp; &nbsp; &nbsp; &nbsp; &nbsp; &nbsp;<\/li>\n\n\n\n<li>Verseckien\u0117 Diana<\/li>\n\n\n\n<li>\u017dilinskien\u0117 Irena<\/li>\n\n\n\n<li>Stakionien\u0117 Asta&nbsp;&nbsp;&nbsp;&nbsp;&nbsp;&nbsp;<\/li>\n\n\n\n<li>Ba\u010dien\u0117 Goda<\/li>\n\n\n\n<li>Cemnalenskien\u0117 Lolita<\/li>\n\n\n\n<li>Ga\u0161kait\u0117 Ieva<\/li>\n\n\n\n<li>Juozapaitien\u0117 Dal\u0117<\/li>\n\n\n\n<li>Jur\u010diukonien\u0117 Violeta<\/li>\n\n\n\n<li>Kazlauskien\u0117 Birut\u0117<\/li>\n\n\n\n<li>Kazlauskien\u0117 Rasa<\/li>\n\n\n\n<li>Ku\u010dinskien\u0117 Vilija<\/li>\n\n\n\n<li>Kuzmickien\u0117 Dal\u0117<\/li>\n\n\n\n<li>Nemanien\u0117 Audron\u0117<\/li>\n\n\n\n<li>\u0160apranauskien\u0117 Au\u0161ra<\/li>\n\n\n\n<li>\u0160iau\u010diulien\u0117 Genoefa<\/li>\n\n\n\n<li>\u0160iaudvytyt\u0117 Loreta<\/li>\n\n\n\n<li>Treigien\u0117 Indr\u0117<\/li>\n\n\n\n<li>Utkina Vitalija<\/li>\n\n\n\n<li>Vaini\u016bnien\u0117 Gitana<\/li>\n\n\n\n<li>Venslauskas Saulius<\/li>\n\n\n\n<li>V\u0117lyvien\u0117 Vilija<\/li>\n\n\n\n<li>V\u0117lyvien\u0117 Vilma<\/li>\n\n\n\n<li>Vili\u016bnien\u0117 Rima<\/li>\n\n\n\n<li>Vy\u0161niauskien\u0117 Audron\u0117<\/li>\n\n\n\n<li>Zolubien\u0117 Grasilda<\/li>\n\n\n\n<li>Dindien\u0117 Margarita<\/li>\n\n\n\n<li>Gintalait\u0117 Kristina<\/li>\n\n\n\n<li>Grigas Antanas<\/li>\n\n\n\n<li>Jusien\u0117 Roma<\/li>\n\n\n\n<li>Kazilionyt\u0117 Birut\u0117<\/li>\n\n\n\n<li>Krunkaitien\u0117 Lina<\/li>\n\n\n\n<li>Petraitien\u0117 Kristina<\/li>\n\n\n\n<li>\u0160erk\u0161nien\u0117 Roma<\/li>\n\n\n\n<li>\u017dukas Vitalijus<\/li>\n\n\n\n<li>Gailevi\u010di\u016bt\u0117 Vita<\/li>\n\n\n\n<li>Korabliova Inesa<\/li>\n\n\n\n<li>Arlauskait\u0117 \u017dydr\u0117<\/li>\n\n\n\n<li>Sutkaityt\u0117&nbsp;Danguol\u0117<\/li>\n\n\n\n<li>Dominauskien\u0117 Mida<\/li>\n\n\n\n<li>Gudeikien\u0117 Dalia<\/li>\n\n\n\n<li>Laurinavi\u010dien\u0117 Asta&nbsp;<\/li>\n\n\n\n<li>Nasvytien\u0117 Dalia<\/li>\n\n\n\n<li>Simutis Evaldas<\/li>\n\n\n\n<li>\u0160ileikien\u0117 R\u016bta<\/li>\n\n\n\n<li>Paulauskien\u0117 Laima<\/li>\n\n\n\n<li>Ruseckien\u0117 Ramun\u0117<\/li>\n\n\n\n<li>Lia\u0161\u010denko Olegas<\/li>\n\n\n\n<li>Juodinis Audrius<\/li>\n\n\n\n<li>Sutkus Art\u016bras<\/li>\n\n\n\n<li>Vinklerien\u0117 Ona&nbsp;&nbsp;<\/li>\n\n\n\n<li>Butkut\u0117 R\u016bta<\/li>\n\n\n\n<li>Varevi\u010dien\u0117 Kotryna&nbsp;<\/li>\n\n\n\n<li><em>Berzina Ilze &nbsp;(Latvija)<\/em><\/li>\n\n\n\n<li><em>Muzikante&nbsp;Lolita&nbsp;(Latvija)<\/em><\/li>\n\n\n\n<li><em>Lukstraupe&nbsp;Aija&nbsp;(Latvija)&nbsp; &nbsp; &nbsp; &nbsp;<\/em><\/li>\n\n\n\n<li><em>Birkhane&nbsp;Laila&nbsp;(Latvija)<\/em><\/li>\n\n\n\n<li><em>Matusevi\u010da&nbsp;Daina&nbsp;(Latvija)<\/em><\/li>\n\n\n\n<li><em>Plaude&nbsp;Alla&nbsp;(Latvija)<\/em><\/li>\n\n\n\n<li><em>Beitika&nbsp;Aelita&nbsp;(Latvija)&nbsp; &nbsp;<\/em><\/li>\n\n\n\n<li><em>Krumina&nbsp;Zane&nbsp;(Latvija)<\/em><\/li>\n\n\n\n<li><em>Zeile&nbsp;Daiga&nbsp;(Latvija)<\/em><\/li>\n\n\n\n<li><em>Akmene&nbsp;Ilze&nbsp;(Latvija)<\/em><\/li>\n\n\n\n<li><em>Fridenberga&nbsp;Gunta&nbsp;(Latvija)<\/em><\/li>\n\n\n\n<li><em>\u017darikovs Igors (Latvija)&nbsp;<\/em><\/li>\n\n\n\n<li><em>R\u016btina Inese&nbsp;(Latvija)<\/em><\/li>\n\n\n\n<li><em>Bertrama&nbsp;Indra&nbsp;(Latvija)<\/em><\/li>\n\n\n\n<li><em>Leite Antra (Latvija)<\/em><\/li>\n\n\n\n<li><em>Gri\u0161kevi\u010da Benita (Latvija)<\/em><\/li>\n\n\n\n<li><em>Berke Iveta (Latvija)<\/em><\/li>\n\n\n\n<li><em>Putniece Inese (Latvija)<\/em><\/li>\n\n\n\n<li><em>L\u016bcina Ruta (Latvija)<\/em><\/li>\n\n\n\n<li><em>Krasovskis Zigmunds (Latvija)<\/em><\/li>\n\n\n\n<li>Ramanauskait\u0117 Lina<\/li>\n\n\n\n<li>Len\u010diauskien\u0117 Dalia<\/li>\n\n\n\n<li>Minialgien\u0117&nbsp;Dalia&nbsp;<\/li>\n\n\n\n<li>Mitkien\u0117&nbsp;J\u016brat\u0117&nbsp;<\/li>\n\n\n\n<li>\u0160neli\u016bt\u0117&nbsp;Giedr\u0117&nbsp;<\/li>\n\n\n\n<li>Astromskien\u0117 Egl\u0117&nbsp;<\/li>\n\n\n\n<li>Daugvila Albertas<\/li>\n\n\n\n<li>Dovydaityt\u0117 Au\u0161ra Marija<\/li>\n\n\n\n<li>Gu\u017eauskien\u0117 Jurga<\/li>\n\n\n\n<li>Makauskien\u0117 Ilona<\/li>\n\n\n\n<li>Mickevi\u010di\u016bt\u0117 Dalia Elena<\/li>\n\n\n\n<li>Numavi\u010dien\u0117 Lina<\/li>\n\n\n\n<li>Povilionis Vilius<\/li>\n\n\n\n<li>\u0160ulcien\u0117 Inga<\/li>\n\n\n\n<li>Tubutien\u0117 Jurgita<\/li>\n\n\n\n<li>Mork\u016bnien\u0117 Karina<\/li>\n\n\n\n<li>Bucevi\u010di\u016bt\u0117 Violeta<\/li>\n\n\n\n<li>Baba\u0161 Svetlana<\/li>\n\n\n\n<li>Gra\u017eien\u0117 Egl\u0117<\/li>\n\n\n\n<li>Ra\u017eaitien\u0117 Egl\u0117<\/li>\n\n\n\n<li>Grigonis Tomas<\/li>\n\n\n\n<li>Maneikien\u0117 Daiva<\/li>\n\n\n\n<li>Lesnickait\u0117 Au\u0161ra<\/li>\n\n\n\n<li>Patamsyt\u0117 &#8211; Adomonien\u0117 Kotryna<\/li>\n\n\n\n<li>Venck\u016bnien\u0117 Albina<\/li>\n\n\n\n<li>Remouchamps Ernesta<\/li>\n\n\n\n<li>Samu\u0161yt\u0117 Rima<\/li>\n\n\n\n<li>Au\u0161ra Stank\u016bnien\u0117<\/li>\n\n\n\n<li>Erikas Stank\u016bnas<\/li>\n\n\n\n<li>Aurelija Vaitkevi\u010dien\u0117<\/li>\n\n\n\n<li>Ina Undaravi\u010dien\u0117<\/li>\n\n\n\n<li>Donata Grakauskait\u0117 &#8211; \u0160li\u010dien\u0117<\/li>\n\n\n\n<li>Dainius \u010cerbul\u0117nas<\/li>\n\n\n\n<li>Sonata Valiulien\u0117<\/li>\n\n\n\n<li>Izabel\u0117 Grauslien\u0117<\/li>\n\n\n\n<li>Gabriel\u0117 Suba\u010di\u016bt\u0117<\/li>\n\n\n\n<li>Simona Glodenien\u0117<\/li>\n\n\n\n<li>Asta Pik\u0161rien\u0117<\/li>\n\n\n\n<li>Egl\u0117 Domarkien\u0117<\/li>\n\n\n\n<li>Edita Bugait\u0117<\/li>\n\n\n\n<li>Monika Gerdauskait\u0117<\/li>\n\n\n\n<li>Vilma Gavelien\u0117<\/li>\n\n\n\n<li>Egl\u0117 \u0160ek\u0161telien\u0117<\/li>\n\n\n\n<li>Laima Matulionien\u0117<\/li>\n\n\n\n<li>Daiva Pup\u0161yt\u0117<\/li>\n\n\n\n<li>Lina Rasimait\u0117 &#8211; \u0160abliuk<\/li>\n\n\n\n<li>Ingrida Kazlauskait\u0117 &#8211; Liaudanskien\u0117<\/li>\n\n\n\n<li>R\u016bta Samajauskien\u0117<\/li>\n\n\n\n<li>Darja Norbut\u0117<\/li>\n\n\n\n<li>Justina Ra\u010dkauskien\u0117<\/li>\n\n\n\n<li>Ieva Viltrakyt\u0117<\/li>\n\n\n\n<li>Dovil\u0117 Jaugelien\u0117<\/li>\n\n\n\n<li>Indr\u0117 Kotryna Grinevi\u010dien\u0117<\/li>\n\n\n\n<li>Violeta Garbereder<\/li>\n\n\n\n<li>Agn\u0117 Stra\u017einskien\u0117<\/li>\n\n\n\n<li>Diana Mar\u010diulait\u0117<\/li>\n\n\n\n<li>R\u016bta Jurkuv\u0117nien\u0117<\/li>\n\n\n\n<li>Rimant\u0117 Ancel\u0117<\/li>\n\n\n\n<li>Justina Ju\u0161kien\u0117<\/li>\n\n\n\n<li>Ustina Labakoj\u0117<\/li>\n\n\n\n<li>Mona Morta Dailid\u0117<\/li>\n\n\n\n<li>Gabija \u0160imkevi\u010dien\u0117<\/li>\n\n\n\n<li>Egl\u0117 Stepon\u0117<\/li>\n\n\n\n<li>Au\u0161ra Ra\u010dkauskien\u0117<\/li>\n\n\n\n<li>Agn\u0117 Rail\u0117<\/li>\n\n\n\n<li>Evelina Bli\u0161kevi\u010dien\u0117<\/li>\n\n\n\n<li>Martyna Gele\u017ei\u016bnien\u0117<\/li>\n\n\n\n<li>Vanda Sodaitien\u0117<\/li>\n\n\n\n<li>Veronika Lakis &#8211; Mi\u010dien\u0117<\/li>\n\n\n\n<li>Sandra Anu\u0161kevi\u010dien\u0117 <\/li>\n\n\n\n<li>Ingrida Dinigevi\u010dien\u0117 <\/li>\n\n\n\n<li>Beatri\u010d\u0117 Nivinskait\u0117 <\/li>\n\n\n\n<li>Pranas Puidokas <\/li>\n\n\n\n<li>Julija Skirmant\u0117<\/li>\n\n\n\n<li>Aurelija Survilait\u0117<\/li>\n\n\n\n<li>Rita Ke\u017eevi\u010dien\u0117<\/li>\n\n\n\n<li>Akvil\u0117 Skridailait\u0117<\/li>\n\n\n\n<li>Liauda Jasionyt\u0117<\/li>\n\n\n\n<li>Violeta Kniuk\u0161tien\u0117<\/li>\n\n\n\n<li>Kostas Matuzevi\u010dius<\/li>\n\n\n\n<li>Rita Bagdonait\u0117<\/li>\n\n\n\n<li>Au\u0161ra Senkuvien\u0117<\/li>\n\n\n\n<li>Dovil\u0117 Pri\u017egin\u0117<\/li>\n\n\n\n<li>Eimantas Matiekus<\/li>\n\n\n\n<li>Vilius Rutkauskas<\/li>\n\n\n\n<li>Vilija Tikn\u0117<\/li>\n\n\n\n<li>Milda Vickut\u0117 &#8211; Bradauskien\u0117<\/li>\n\n\n\n<li>Sigita Dirg\u0117lien\u0117<\/li>\n\n\n\n<li>Gerda Bliud\u017eiuvien\u0117<\/li>\n\n\n\n<li>Jolanta Koncevi\u010dien\u0117<\/li>\n\n\n\n<li>Laura Jarutien\u0117<\/li>\n\n\n\n<li>Kristina Skaisgirien\u0117<\/li>\n\n\n\n<li>Laura \u0160ablevi\u010dien\u0117<\/li>\n\n\n\n<li>Neringa \u010c\u0117nait\u0117<\/li>\n\n\n\n<li>Olga Liaugaudien\u0117<\/li>\n\n\n\n<li>Vaiva \u0160tarait\u0117<\/li>\n\n\n\n<li>Lina Matutyt\u0117<\/li>\n\n\n\n<li>Marija \u0160iau\u010di\u016bnait\u0117<\/li>\n<\/ol>\n\n\n\n<p><br><\/p>\n\n\n\n<p><\/p>\n","protected":false},"excerpt":{"rendered":"<p>Specialistai, s\u0117kmingai baig\u0119&nbsp;Individualios psichodinamin\u0117s psichoterapijos mokymo program\u0105:&nbsp;<\/p>\n","protected":false},"author":1,"featured_media":0,"parent":5,"menu_order":3,"comment_status":"closed","ping_status":"closed","template":"","meta":{"footnotes":""},"class_list":["post-27","page","type-page","status-publish","hentry"],"_links":{"self":[{"href":"https:\/\/www.psichoterapijos-mokymas.lt\/IPT\/wp-json\/wp\/v2\/pages\/27","targetHints":{"allow":["GET"]}}],"collection":[{"href":"https:\/\/www.psichoterapijos-mokymas.lt\/IPT\/wp-json\/wp\/v2\/pages"}],"about":[{"href":"https:\/\/www.psichoterapijos-mokymas.lt\/IPT\/wp-json\/wp\/v2\/types\/page"}],"author":[{"embeddable":true,"href":"https:\/\/www.psichoterapijos-mokymas.lt\/IPT\/wp-json\/wp\/v2\/users\/1"}],"replies":[{"embeddable":true,"href":"https:\/\/www.psichoterapijos-mokymas.lt\/IPT\/wp-json\/wp\/v2\/comments?post=27"}],"version-history":[{"count":14,"href":"https:\/\/www.psichoterapijos-mokymas.lt\/IPT\/wp-json\/wp\/v2\/pages\/27\/revisions"}],"predecessor-version":[{"id":554,"href":"https:\/\/www.psichoterapijos-mokymas.lt\/IPT\/wp-json\/wp\/v2\/pages\/27\/revisions\/554"}],"up":[{"embeddable":true,"href":"https:\/\/www.psichoterapijos-mokymas.lt\/IPT\/wp-json\/wp\/v2\/pages\/5"}],"wp:attachment":[{"href":"https:\/\/www.psichoterapijos-mokymas.lt\/IPT\/wp-json\/wp\/v2\/media?parent=27"}],"curies":[{"name":"wp","href":"https:\/\/api.w.org\/{rel}","templated":true}]}}