{"id":35,"date":"2019-07-16T19:48:42","date_gmt":"2019-07-16T19:48:42","guid":{"rendered":"http:\/\/www.psichoterapijos-mokymas.org\/IPT\/\/?page_id=35"},"modified":"2025-09-06T13:04:43","modified_gmt":"2025-09-06T10:04:43","slug":"priemimo-tvarka","status":"publish","type":"page","link":"https:\/\/www.psichoterapijos-mokymas.lt\/IPT\/norintiems-mokytis\/priemimo-tvarka\/","title":{"rendered":"Pri\u0117mimo tvarka"},"content":{"rendered":"\n<p>I. Kandidatai pateikia pra\u0161ym\u0105, kuris siun\u010diamas elektroniniu pa\u0161tu&nbsp; <em><a href=\"mailto:psichodinamine@gmail.com.\">psichodinamine@gmail.com<\/a><\/em>&nbsp; <\/p>\n\n\n\n<p>Atsiuntus pra\u0161ym\u0105, suteikiama informacija apie kitus reikiamus dokumentus ir atrankos pokalbius.&nbsp;<\/p>\n\n\n\n<p>II. Vyksta du atrankos pokalbiai su skirtingais programos mokytojais.\u00a0\u00a0<\/p>\n\n\n\n<p>III. Programos mokymo komitetas priima sprendim\u0105 apie kandidato(-\u0117s) pri\u0117mim\u0105 mokytis programoje. Apie sprendimo rezultatus kandidatas(-\u0117) informuojami e-pa\u0161tu.&nbsp;<\/p>\n\n\n\n<p>IV. Asmuo \u012f program\u0105 gali kandidatuoti ne daugiau kaip tris kartus. <\/p>\n\n\n\n<p>V. Priimti programos dalyviai gauna informacij\u0105 apie mokslo met\u0173 prad\u017ei\u0105, mokymosi turin\u012f ir reikalavimus.\u00a0<\/p>\n\n\n\n<p>VI. Pirm\u0105j\u0105 moksl\u0173 dien\u0105 pasira\u0161oma sutartis su VU.<\/p>\n\n\n\n<p><\/p>\n","protected":false},"excerpt":{"rendered":"<p>I. Kandidatai pateikia pra\u0161ym\u0105, kuris siun\u010diamas elektroniniu pa\u0161tu&nbsp; psichodinamine@gmail.com&nbsp; Atsiuntus pra\u0161ym\u0105, suteikiama informacija apie kitus reikiamus dokumentus ir atrankos pokalbius.&nbsp; II. Vyksta du atrankos pokalbiai su skirtingais programos mokytojais.\u00a0\u00a0 III. Programos mokymo komitetas priima sprendim\u0105 apie kandidato(-\u0117s) pri\u0117mim\u0105 mokytis programoje. Apie sprendimo rezultatus kandidatas(-\u0117) informuojami e-pa\u0161tu.&nbsp; IV. Asmuo \u012f program\u0105 gali kandidatuoti ne daugiau kaip [&hellip;]<\/p>\n","protected":false},"author":1,"featured_media":0,"parent":32,"menu_order":1,"comment_status":"closed","ping_status":"closed","template":"","meta":{"footnotes":""},"class_list":["post-35","page","type-page","status-publish","hentry"],"_links":{"self":[{"href":"https:\/\/www.psichoterapijos-mokymas.lt\/IPT\/wp-json\/wp\/v2\/pages\/35","targetHints":{"allow":["GET"]}}],"collection":[{"href":"https:\/\/www.psichoterapijos-mokymas.lt\/IPT\/wp-json\/wp\/v2\/pages"}],"about":[{"href":"https:\/\/www.psichoterapijos-mokymas.lt\/IPT\/wp-json\/wp\/v2\/types\/page"}],"author":[{"embeddable":true,"href":"https:\/\/www.psichoterapijos-mokymas.lt\/IPT\/wp-json\/wp\/v2\/users\/1"}],"replies":[{"embeddable":true,"href":"https:\/\/www.psichoterapijos-mokymas.lt\/IPT\/wp-json\/wp\/v2\/comments?post=35"}],"version-history":[{"count":13,"href":"https:\/\/www.psichoterapijos-mokymas.lt\/IPT\/wp-json\/wp\/v2\/pages\/35\/revisions"}],"predecessor-version":[{"id":575,"href":"https:\/\/www.psichoterapijos-mokymas.lt\/IPT\/wp-json\/wp\/v2\/pages\/35\/revisions\/575"}],"up":[{"embeddable":true,"href":"https:\/\/www.psichoterapijos-mokymas.lt\/IPT\/wp-json\/wp\/v2\/pages\/32"}],"wp:attachment":[{"href":"https:\/\/www.psichoterapijos-mokymas.lt\/IPT\/wp-json\/wp\/v2\/media?parent=35"}],"curies":[{"name":"wp","href":"https:\/\/api.w.org\/{rel}","templated":true}]}}