{"id":42,"date":"2019-07-16T19:51:18","date_gmt":"2019-07-16T19:51:18","guid":{"rendered":"http:\/\/www.psichoterapijos-mokymas.org\/IPT\/\/?page_id=42"},"modified":"2025-09-21T13:44:26","modified_gmt":"2025-09-21T10:44:26","slug":"mokymo-bloku-datos","status":"publish","type":"page","link":"https:\/\/www.psichoterapijos-mokymas.lt\/IPT\/kursantams\/mokymo-bloku-datos\/","title":{"rendered":"Mokymo blok\u0173 datos"},"content":{"rendered":"\n<p><\/p>\n\n\n\n<p style=\"font-size:clamp(14.642px, 0.915rem + ((1vw - 3.2px) * 0.721), 22px);\"><strong>2025 &#8211; 2026 m. m. <\/strong><\/p>\n\n\n\n<p>2025 Spalio 9-11 d.&nbsp;&nbsp;&nbsp;&nbsp;&nbsp;<br>2025 Lapkri\u010dio 13-15 d.&nbsp;&nbsp;&nbsp;<br>2025 Gruod\u017eio 11-13 d.<br>2026 Sausio 15-17 d.&nbsp;<br>2026 Kovo&nbsp; 5-7 d.&nbsp;<br>2026 Baland\u017eio&nbsp; 16-18 d.&nbsp;<br>2026 Gegu\u017e\u0117s 28-30 d.<\/p>\n\n\n\n<p><\/p>\n\n\n\n<p class=\"has-large-font-size\"><strong>2026 &#8211; 2027 m. m. <\/strong><\/p>\n\n\n\n<p>2026 Spalio 8-10  <br>2026 Lapkri\u010dio 12-14 <br>2026 Gruod\u017eio 10-12 <br>2027 Sausio 14-16 <br>2027 Kovo 18-20\u00a0 <br>2027 Baland\u017eio 22-24 <br>2027 Gegu\u017e\u0117s 27-29\u00a0<\/p>\n\n\n\n<p><\/p>\n\n\n\n<p><\/p>\n\n\n\n<p><\/p>\n","protected":false},"excerpt":{"rendered":"<p>2025 &#8211; 2026 m. m. 2025 Spalio 9-11 d.&nbsp;&nbsp;&nbsp;&nbsp;&nbsp;2025 Lapkri\u010dio 13-15 d.&nbsp;&nbsp;&nbsp;2025 Gruod\u017eio 11-13 d.2026 Sausio 15-17 d.&nbsp;2026 Kovo&nbsp; 5-7 d.&nbsp;2026 Baland\u017eio&nbsp; 16-18 d.&nbsp;2026 Gegu\u017e\u0117s 28-30 d. 2026 &#8211; 2027 m. m. 2026 Spalio 8-10 2026 Lapkri\u010dio 12-14 2026 Gruod\u017eio 10-12 2027 Sausio 14-16 2027 Kovo 18-20\u00a0 2027 Baland\u017eio 22-24 2027 Gegu\u017e\u0117s 27-29\u00a0<\/p>\n","protected":false},"author":1,"featured_media":0,"parent":39,"menu_order":1,"comment_status":"closed","ping_status":"closed","template":"","meta":{"footnotes":""},"class_list":["post-42","page","type-page","status-publish","hentry"],"_links":{"self":[{"href":"https:\/\/www.psichoterapijos-mokymas.lt\/IPT\/wp-json\/wp\/v2\/pages\/42","targetHints":{"allow":["GET"]}}],"collection":[{"href":"https:\/\/www.psichoterapijos-mokymas.lt\/IPT\/wp-json\/wp\/v2\/pages"}],"about":[{"href":"https:\/\/www.psichoterapijos-mokymas.lt\/IPT\/wp-json\/wp\/v2\/types\/page"}],"author":[{"embeddable":true,"href":"https:\/\/www.psichoterapijos-mokymas.lt\/IPT\/wp-json\/wp\/v2\/users\/1"}],"replies":[{"embeddable":true,"href":"https:\/\/www.psichoterapijos-mokymas.lt\/IPT\/wp-json\/wp\/v2\/comments?post=42"}],"version-history":[{"count":24,"href":"https:\/\/www.psichoterapijos-mokymas.lt\/IPT\/wp-json\/wp\/v2\/pages\/42\/revisions"}],"predecessor-version":[{"id":588,"href":"https:\/\/www.psichoterapijos-mokymas.lt\/IPT\/wp-json\/wp\/v2\/pages\/42\/revisions\/588"}],"up":[{"embeddable":true,"href":"https:\/\/www.psichoterapijos-mokymas.lt\/IPT\/wp-json\/wp\/v2\/pages\/39"}],"wp:attachment":[{"href":"https:\/\/www.psichoterapijos-mokymas.lt\/IPT\/wp-json\/wp\/v2\/media?parent=42"}],"curies":[{"name":"wp","href":"https:\/\/api.w.org\/{rel}","templated":true}]}}