{"id":44,"date":"2019-07-16T19:52:29","date_gmt":"2019-07-16T19:52:29","guid":{"rendered":"http:\/\/www.psichoterapijos-mokymas.org\/IPT\/\/?page_id=44"},"modified":"2025-08-19T16:53:50","modified_gmt":"2025-08-19T13:53:50","slug":"baigiamuju-darbu-pateikimo-datos","status":"publish","type":"page","link":"https:\/\/www.psichoterapijos-mokymas.lt\/IPT\/kursantams\/baigiamuju-darbu-pateikimo-datos\/","title":{"rendered":"Baigiam\u0173j\u0173 darb\u0173 pateikimo datos"},"content":{"rendered":"\n<p><strong>RA\u0160TO DARBAI PRISTATOMI:<\/strong><\/p>\n\n\n\n<p><strong>Psichoterapijos atvejo analiz\u0117s (VI k<\/strong>.):<br> <br>iki 2025 m. spalio 2 d., ketvirtadienio, 18.00 val.<\/p>\n\n\n\n<p>iki 2026 m. vasario 5 d., ketvirtadienio, 18.00 val.<\/p>\n\n\n\n<p><\/p>\n\n\n\n<p><strong>Diagnostiniai darbai (III k<\/strong>.):&nbsp;<\/p>\n\n\n\n<p>iki 2026 m. gegu\u017e\u0117s 7 d., ketvirtadienio, 18.00 val.<\/p>\n\n\n\n<p style=\"font-size:12px\">&nbsp;Darbai siun\u010diami programos epa\u0161tu, prisegant pdf fail\u0105 su slapta\u017eod\u017eiu. Slapta\u017eod\u012f atsi\u0173sti kitu lai\u0161ku. <\/p>\n\n\n\n<p class=\"has-text-color\" style=\"color:#ffffff\">a<\/p>\n\n\n\n<p><strong>Baigiamasis egzaminas (darbo gynimas) vyks<\/strong><br><br>2025 gruod\u017eio 12\/13 d., penktadien\u012f\/\u0161e\u0161tadien\u012f, <\/p>\n\n\n\n<p>2026 baland\u017eio 17\/18 d., penktadien\u012f\/\u0161e\u0161tadien\u012f, <\/p>\n\n\n\n<p>apie tiksl\u0173 laik\u0105 informuosime asmeni\u0161kai<\/p>\n\n\n\n<p><\/p>\n\n\n\n<p><strong>Diplomai teikiami:<\/strong>&nbsp;<br><br>2026 sausio 17 d., \u0161e\u0161tadien\u012f, 14 val.<\/p>\n\n\n\n<p>2026 gegu\u017e\u0117s 30 d., \u0161e\u0161tadien\u012f, 14 val.<\/p>\n\n\n\n<p><\/p>\n\n\n\n<p><\/p>\n\n\n\n<p><strong>Bendra schema:<\/strong><\/p>\n\n\n\n<figure class=\"wp-block-gallery has-nested-images columns-default is-cropped wp-block-gallery-1 is-layout-flex wp-block-gallery-is-layout-flex\">\n<figure class=\"wp-block-image size-large\"><img loading=\"lazy\" decoding=\"async\" width=\"1024\" height=\"131\" data-id=\"206\" src=\"https:\/\/www.psichoterapijos-mokymas.lt\/IPT\/wp-content\/uploads\/2019\/08\/Teorinis-egzaminas-vyx-1024x131.jpg\" alt=\"\" class=\"wp-image-206\" srcset=\"https:\/\/www.psichoterapijos-mokymas.lt\/IPT\/wp-content\/uploads\/2019\/08\/Teorinis-egzaminas-vyx-1024x131.jpg 1024w, https:\/\/www.psichoterapijos-mokymas.lt\/IPT\/wp-content\/uploads\/2019\/08\/Teorinis-egzaminas-vyx-300x38.jpg 300w, https:\/\/www.psichoterapijos-mokymas.lt\/IPT\/wp-content\/uploads\/2019\/08\/Teorinis-egzaminas-vyx-768x98.jpg 768w, https:\/\/www.psichoterapijos-mokymas.lt\/IPT\/wp-content\/uploads\/2019\/08\/Teorinis-egzaminas-vyx.jpg 1030w\" sizes=\"auto, (max-width: 1024px) 100vw, 1024px\" \/><\/figure>\n<\/figure>\n","protected":false},"excerpt":{"rendered":"<p>RA\u0160TO DARBAI PRISTATOMI: Psichoterapijos atvejo analiz\u0117s (VI k.): iki 2025 m. spalio 2 d., ketvirtadienio, 18.00 val. iki 2026 m. vasario 5 d., ketvirtadienio, 18.00 val. Diagnostiniai darbai (III k.):&nbsp; iki 2026 m. gegu\u017e\u0117s 7 d., ketvirtadienio, 18.00 val. &nbsp;Darbai siun\u010diami programos epa\u0161tu, prisegant pdf fail\u0105 su slapta\u017eod\u017eiu. Slapta\u017eod\u012f atsi\u0173sti kitu lai\u0161ku. a Baigiamasis egzaminas [&hellip;]<\/p>\n","protected":false},"author":1,"featured_media":0,"parent":39,"menu_order":2,"comment_status":"closed","ping_status":"closed","template":"","meta":{"footnotes":""},"class_list":["post-44","page","type-page","status-publish","hentry"],"_links":{"self":[{"href":"https:\/\/www.psichoterapijos-mokymas.lt\/IPT\/wp-json\/wp\/v2\/pages\/44","targetHints":{"allow":["GET"]}}],"collection":[{"href":"https:\/\/www.psichoterapijos-mokymas.lt\/IPT\/wp-json\/wp\/v2\/pages"}],"about":[{"href":"https:\/\/www.psichoterapijos-mokymas.lt\/IPT\/wp-json\/wp\/v2\/types\/page"}],"author":[{"embeddable":true,"href":"https:\/\/www.psichoterapijos-mokymas.lt\/IPT\/wp-json\/wp\/v2\/users\/1"}],"replies":[{"embeddable":true,"href":"https:\/\/www.psichoterapijos-mokymas.lt\/IPT\/wp-json\/wp\/v2\/comments?post=44"}],"version-history":[{"count":39,"href":"https:\/\/www.psichoterapijos-mokymas.lt\/IPT\/wp-json\/wp\/v2\/pages\/44\/revisions"}],"predecessor-version":[{"id":547,"href":"https:\/\/www.psichoterapijos-mokymas.lt\/IPT\/wp-json\/wp\/v2\/pages\/44\/revisions\/547"}],"up":[{"embeddable":true,"href":"https:\/\/www.psichoterapijos-mokymas.lt\/IPT\/wp-json\/wp\/v2\/pages\/39"}],"wp:attachment":[{"href":"https:\/\/www.psichoterapijos-mokymas.lt\/IPT\/wp-json\/wp\/v2\/media?parent=44"}],"curies":[{"name":"wp","href":"https:\/\/api.w.org\/{rel}","templated":true}]}}