{"id":46,"date":"2019-07-16T19:53:18","date_gmt":"2019-07-16T19:53:18","guid":{"rendered":"http:\/\/www.psichoterapijos-mokymas.org\/IPT\/\/?page_id=46"},"modified":"2026-01-27T07:48:44","modified_gmt":"2026-01-27T05:48:44","slug":"teorijos-egzamino-datos","status":"publish","type":"page","link":"https:\/\/www.psichoterapijos-mokymas.lt\/IPT\/kursantams\/teorijos-egzamino-datos\/","title":{"rendered":"Teorijos egzamino datos"},"content":{"rendered":"\n<p><strong>Teorinis egzaminas vyks:<\/strong>&nbsp;<br> <\/p>\n\n\n\n<p>2026 m. kovo 7 d., \u0161e\u0161tadien\u012f, 14.10 val. <br><br>2026 m. spalio 10 d., \u0161e\u0161tadien\u012f, 14.10 val.<\/p>\n\n\n\n<p><em><sub>Apie savo sprendim\u0105 laikyti egzamin\u0105 pra\u0161ome prane\u0161ti programos koordinatorei prie\u0161 savait\u0119.&nbsp;<\/sub><\/em><\/p>\n\n\n\n<p><\/p>\n","protected":false},"excerpt":{"rendered":"<p>Teorinis egzaminas vyks:&nbsp; 2026 m. kovo 7 d., \u0161e\u0161tadien\u012f, 14.10 val. 2026 m. spalio 10 d., \u0161e\u0161tadien\u012f, 14.10 val. Apie savo sprendim\u0105 laikyti egzamin\u0105 pra\u0161ome prane\u0161ti programos koordinatorei prie\u0161 savait\u0119.&nbsp;<\/p>\n","protected":false},"author":1,"featured_media":0,"parent":39,"menu_order":3,"comment_status":"closed","ping_status":"closed","template":"","meta":{"footnotes":""},"class_list":["post-46","page","type-page","status-publish","hentry"],"_links":{"self":[{"href":"https:\/\/www.psichoterapijos-mokymas.lt\/IPT\/wp-json\/wp\/v2\/pages\/46","targetHints":{"allow":["GET"]}}],"collection":[{"href":"https:\/\/www.psichoterapijos-mokymas.lt\/IPT\/wp-json\/wp\/v2\/pages"}],"about":[{"href":"https:\/\/www.psichoterapijos-mokymas.lt\/IPT\/wp-json\/wp\/v2\/types\/page"}],"author":[{"embeddable":true,"href":"https:\/\/www.psichoterapijos-mokymas.lt\/IPT\/wp-json\/wp\/v2\/users\/1"}],"replies":[{"embeddable":true,"href":"https:\/\/www.psichoterapijos-mokymas.lt\/IPT\/wp-json\/wp\/v2\/comments?post=46"}],"version-history":[{"count":16,"href":"https:\/\/www.psichoterapijos-mokymas.lt\/IPT\/wp-json\/wp\/v2\/pages\/46\/revisions"}],"predecessor-version":[{"id":608,"href":"https:\/\/www.psichoterapijos-mokymas.lt\/IPT\/wp-json\/wp\/v2\/pages\/46\/revisions\/608"}],"up":[{"embeddable":true,"href":"https:\/\/www.psichoterapijos-mokymas.lt\/IPT\/wp-json\/wp\/v2\/pages\/39"}],"wp:attachment":[{"href":"https:\/\/www.psichoterapijos-mokymas.lt\/IPT\/wp-json\/wp\/v2\/media?parent=46"}],"curies":[{"name":"wp","href":"https:\/\/api.w.org\/{rel}","templated":true}]}}