{"id":48,"date":"2019-07-16T19:54:30","date_gmt":"2019-07-16T19:54:30","guid":{"rendered":"http:\/\/www.psichoterapijos-mokymas.org\/IPT\/\/?page_id=48"},"modified":"2025-12-05T12:39:31","modified_gmt":"2025-12-05T10:39:31","slug":"terapeutai-ir-supervizoriai","status":"publish","type":"page","link":"https:\/\/www.psichoterapijos-mokymas.lt\/IPT\/kursantams\/terapeutai-ir-supervizoriai\/","title":{"rendered":"Terapeutai ir supervizoriai"},"content":{"rendered":"\n<p><\/p>\n\n\n\n<p><strong>TERAPEUTAI IR SUPERVIZORIAI<\/strong>:<\/p>\n\n\n\n<figure class=\"wp-block-table is-style-stripes\"><table class=\"has-fixed-layout\"><tbody><tr><td>Ba\u010dien\u0117 Goda<\/td><td class=\"has-text-align-right\" data-align=\"right\">+370 615 40161&nbsp;<\/td><\/tr><tr><td>Baranauskien\u0117 Birut\u0117 (Kaunas)<\/td><td class=\"has-text-align-right\" data-align=\"right\">+370 687 53979 <\/td><\/tr><tr><td>Flemming Birut\u0117<\/td><td class=\"has-text-align-right\" data-align=\"right\">+370 687 36845 <\/td><\/tr><tr><td>Ga\u0161kait\u0117 Ieva<\/td><td class=\"has-text-align-right\" data-align=\"right\">+370 610 40689 <\/td><\/tr><tr><td>Grigonis Tomas<\/td><td class=\"has-text-align-right\" data-align=\"right\">+370 616 32276 <\/td><\/tr><tr><td>Mickut\u0117 Vitalija <\/td><td class=\"has-text-align-right\" data-align=\"right\">+370 686 39726<\/td><\/tr><tr><td> Mork\u016bnien\u0117 Karina<\/td><td class=\"has-text-align-right\" data-align=\"right\">+370 674 04063<\/td><\/tr><tr><td>Natkevi\u010dien\u0117 Daina <\/td><td class=\"has-text-align-right\" data-align=\"right\">+370 686 09894<\/td><\/tr><tr><td>Nemanien\u0117 Audron\u0117  <\/td><td class=\"has-text-align-right\" data-align=\"right\"> +370 689 01964<\/td><\/tr><tr><td>Paulauskien\u0117 \u017divil\u0117&nbsp;(Kaunas)  <\/td><td class=\"has-text-align-right\" data-align=\"right\">+370 685 55666<\/td><\/tr><tr><td>Petkut\u0117 Erna<\/td><td class=\"has-text-align-right\" data-align=\"right\">+370 687 41077 <\/td><\/tr><tr><td>Samu\u0161yt\u0117 Rima<\/td><td class=\"has-text-align-right\" data-align=\"right\">+370 686 78550 <\/td><\/tr><tr><td>Stanik\u016bn\u0117 Gitana (Kaunas)  <\/td><td class=\"has-text-align-right\" data-align=\"right\">+370 620 83388<\/td><\/tr><tr><td>\u0160apranauskien\u0117 Au\u0161ra<\/td><td class=\"has-text-align-right\" data-align=\"right\">+370 652 69977<\/td><\/tr><tr><td>\u0160ulcien\u0117 Inga <\/td><td class=\"has-text-align-right\" data-align=\"right\"> +370 686 27288<\/td><\/tr><tr><td>Treigien\u0117 Indr\u0117<\/td><td class=\"has-text-align-right\" data-align=\"right\">+370 683 80177 <\/td><\/tr><tr><td> Ulevi\u010dien\u0117 J\u016brat\u0117  <\/td><td class=\"has-text-align-right\" data-align=\"right\">+370 614 61002 <\/td><\/tr><tr><td> Vilcinien\u0117 Gra\u017eina (Kaunas) <\/td><td class=\"has-text-align-right\" data-align=\"right\">+370 615 24969<\/td><\/tr><\/tbody><\/table><\/figure>\n\n\n\n<hr class=\"wp-block-separator has-text-color has-base-color has-alpha-channel-opacity has-base-background-color has-background is-style-dots\"\/>\n\n\n\n<p><strong>TERAPEUTAI<\/strong>:<\/p>\n\n\n\n<figure class=\"wp-block-table is-style-stripes\"><table class=\"has-fixed-layout\"><tbody><tr><td>Arlauskait\u0117 \u017dydr\u0117 (Vilnius)<\/td><td class=\"has-text-align-right\" data-align=\"right\">+370 687 36110<\/td><\/tr><tr><td>Dominauskien\u0117 &#8211; Vaser\u0117 Mida (Vilnius)<\/td><td class=\"has-text-align-right\" data-align=\"right\">+370 610 27307<\/td><\/tr><tr><td>Grauslien\u0117 Izabel\u0117 (Vilnius)<\/td><td class=\"has-text-align-right\" data-align=\"right\">+370 600 35691<\/td><\/tr><tr><td>Minialgien\u0117 Dalia (Vilnius)<\/td><td class=\"has-text-align-right\" data-align=\"right\">+370 650 33281<\/td><\/tr><tr><td>Stank\u016bnas Erikas (Vilnius)<\/td><td class=\"has-text-align-right\" data-align=\"right\">+370 698 17253<\/td><\/tr><tr><td>Undaravi\u010dien\u0117 Ina (Vilnius)<\/td><td class=\"has-text-align-right\" data-align=\"right\">+370 676 02753<\/td><\/tr><tr><td>Verseckien\u0117 Diana (Vilnius)<\/td><td class=\"has-text-align-right\" data-align=\"right\">+370 687 57012<\/td><\/tr><tr><td>Monika \u017duk\u0117 (Vilnius)<\/td><td class=\"has-text-align-right\" data-align=\"right\">+370 685 06360<\/td><\/tr><tr><td>Lovkien\u0117 Danut\u0117 &nbsp;(Kaunas)&nbsp;<\/td><td class=\"has-text-align-right\" data-align=\"right\">+370 686 54551<\/td><\/tr><tr><td>Da\u0161kevi\u010dien\u0117 J\u016brat\u0117&nbsp;(Kaunas)<\/td><td class=\"has-text-align-right\" data-align=\"right\">+370 684 36327<\/td><\/tr><tr><td>Kazlauskien\u0117 Rasa&nbsp;(Kaunas)<\/td><td class=\"has-text-align-right\" data-align=\"right\">+370 686 56276<\/td><\/tr><tr><td>\u0160iau\u010diulien\u0117 Genoefa&nbsp;(Druskininkai)<\/td><td class=\"has-text-align-right\" data-align=\"right\">+370 615 73749<\/td><\/tr><tr><td>Lesnickait\u0117 Au\u0161ra&nbsp;(Tel\u0161iai)<\/td><td class=\"has-text-align-right\" data-align=\"right\">+370 674 04425<\/td><\/tr><tr><td>Maneikien\u0117 Daiva&nbsp;(Tel\u0161iai)<\/td><td class=\"has-text-align-right\" data-align=\"right\">+370 610 42879<\/td><\/tr><tr><td>Stra\u017einskien\u0117 Agn\u0117 (Klaip\u0117da) <\/td><td class=\"has-text-align-right\" data-align=\"right\">+370 686 70231<\/td><\/tr><tr><td><p>Tiri\u016bn\u0117 Taida (Klaip\u0117da)<\/p><\/td><td class=\"has-text-align-right\" data-align=\"right\"><p> +370 614 31610<\/p><\/td><\/tr><\/tbody><\/table><\/figure>\n\n\n\n<hr class=\"wp-block-separator has-text-color has-base-color has-alpha-channel-opacity has-base-background-color has-background is-style-dots\"\/>\n\n\n\n<p><strong>SUPERVIZORIAI KANDIDATAI<\/strong>:<\/p>\n\n\n\n<figure class=\"wp-block-table is-style-stripes\"><table class=\"has-fixed-layout\"><tbody><tr><td>Izabel\u0117 Grauslien\u0117 <\/td><td class=\"has-text-align-right\" data-align=\"right\">+370 600 35691<\/td><\/tr><tr><td>Mida Dominauskien\u0117 &#8211; Vaser\u0117<\/td><td class=\"has-text-align-right\" data-align=\"right\">+370 610 27307<\/td><\/tr><tr><td>Daiva Maneikien\u0117 (Tel\u0161iai)<\/td><td class=\"has-text-align-right\" data-align=\"right\">+370 610 42879<\/td><\/tr><tr><td>Ina Undaravi\u010dien\u0117<\/td><td class=\"has-text-align-right\" data-align=\"right\">+370 676 02753<\/td><\/tr><tr><td>Monika \u017duk\u0117<\/td><td class=\"has-text-align-right\" data-align=\"right\">+370 685 06360<\/td><\/tr><tr><td>Evaldas Simutis (Plung\u0117)<\/td><td class=\"has-text-align-right\" data-align=\"right\">+370 600 27221<\/td><\/tr><\/tbody><\/table><\/figure>\n\n\n\n<p><\/p>\n\n\n\n<p><\/p>\n","protected":false},"excerpt":{"rendered":"<p>TERAPEUTAI IR SUPERVIZORIAI: Ba\u010dien\u0117 Goda +370 615 40161&nbsp; Baranauskien\u0117 Birut\u0117 (Kaunas) +370 687 53979 Flemming Birut\u0117 +370 687 36845 Ga\u0161kait\u0117 Ieva +370 610 40689 Grigonis Tomas +370 616 32276 Mickut\u0117 Vitalija +370 686 39726 Mork\u016bnien\u0117 Karina +370 674 04063 Natkevi\u010dien\u0117 Daina +370 686 09894 Nemanien\u0117 Audron\u0117 +370 689 01964 Paulauskien\u0117 \u017divil\u0117&nbsp;(Kaunas) +370 685 55666 Petkut\u0117 [&hellip;]<\/p>\n","protected":false},"author":1,"featured_media":0,"parent":39,"menu_order":4,"comment_status":"closed","ping_status":"closed","template":"","meta":{"footnotes":""},"class_list":["post-48","page","type-page","status-publish","hentry"],"_links":{"self":[{"href":"https:\/\/www.psichoterapijos-mokymas.lt\/IPT\/wp-json\/wp\/v2\/pages\/48","targetHints":{"allow":["GET"]}}],"collection":[{"href":"https:\/\/www.psichoterapijos-mokymas.lt\/IPT\/wp-json\/wp\/v2\/pages"}],"about":[{"href":"https:\/\/www.psichoterapijos-mokymas.lt\/IPT\/wp-json\/wp\/v2\/types\/page"}],"author":[{"embeddable":true,"href":"https:\/\/www.psichoterapijos-mokymas.lt\/IPT\/wp-json\/wp\/v2\/users\/1"}],"replies":[{"embeddable":true,"href":"https:\/\/www.psichoterapijos-mokymas.lt\/IPT\/wp-json\/wp\/v2\/comments?post=48"}],"version-history":[{"count":37,"href":"https:\/\/www.psichoterapijos-mokymas.lt\/IPT\/wp-json\/wp\/v2\/pages\/48\/revisions"}],"predecessor-version":[{"id":603,"href":"https:\/\/www.psichoterapijos-mokymas.lt\/IPT\/wp-json\/wp\/v2\/pages\/48\/revisions\/603"}],"up":[{"embeddable":true,"href":"https:\/\/www.psichoterapijos-mokymas.lt\/IPT\/wp-json\/wp\/v2\/pages\/39"}],"wp:attachment":[{"href":"https:\/\/www.psichoterapijos-mokymas.lt\/IPT\/wp-json\/wp\/v2\/media?parent=48"}],"curies":[{"name":"wp","href":"https:\/\/api.w.org\/{rel}","templated":true}]}}