{"id":5,"date":"2019-07-10T18:07:12","date_gmt":"2019-07-10T18:07:12","guid":{"rendered":"http:\/\/localhost\/wordpress\/?page_id=5"},"modified":"2026-02-06T16:06:28","modified_gmt":"2026-02-06T14:06:28","slug":"iptk","status":"publish","type":"page","link":"https:\/\/www.psichoterapijos-mokymas.lt\/IPT\/","title":{"rendered":"IPTK info"},"content":{"rendered":"\n<div class=\"wp-block-cover alignfull is-light has-text-color has-link-color wp-elements-41f4cf55157d832b32c7332cb8c7c50f has-aspect-ratio\" style=\"color:#ffefc2;margin-top:0;margin-bottom:0;padding-top:200px;padding-right:var(--wp--preset--spacing--40);padding-bottom:200px;padding-left:var(--wp--preset--spacing--40);min-height:100vh;aspect-ratio:auto;min-height:unset;\"><span aria-hidden=\"true\" class=\"wp-block-cover__background has-background-dim-10 has-background-dim\"><\/span><img loading=\"lazy\" decoding=\"async\" width=\"1895\" height=\"2560\" class=\"wp-block-cover__image-background wp-image-491\" alt=\"\" src=\"https:\/\/www.psichoterapijos-mokymas.lt\/IPT\/wp-content\/uploads\/2025\/04\/photo-1495921015075-c888398b885e-scaled.jpg\" style=\"object-position:48% 33%\" data-object-fit=\"cover\" data-object-position=\"48% 33%\" srcset=\"https:\/\/www.psichoterapijos-mokymas.lt\/IPT\/wp-content\/uploads\/2025\/04\/photo-1495921015075-c888398b885e-scaled.jpg 1895w, https:\/\/www.psichoterapijos-mokymas.lt\/IPT\/wp-content\/uploads\/2025\/04\/photo-1495921015075-c888398b885e-222x300.jpg 222w, https:\/\/www.psichoterapijos-mokymas.lt\/IPT\/wp-content\/uploads\/2025\/04\/photo-1495921015075-c888398b885e-758x1024.jpg 758w, https:\/\/www.psichoterapijos-mokymas.lt\/IPT\/wp-content\/uploads\/2025\/04\/photo-1495921015075-c888398b885e-768x1037.jpg 768w, https:\/\/www.psichoterapijos-mokymas.lt\/IPT\/wp-content\/uploads\/2025\/04\/photo-1495921015075-c888398b885e-1137x1536.jpg 1137w, https:\/\/www.psichoterapijos-mokymas.lt\/IPT\/wp-content\/uploads\/2025\/04\/photo-1495921015075-c888398b885e-1516x2048.jpg 1516w\" sizes=\"auto, (max-width: 1895px) 100vw, 1895px\" \/><div class=\"wp-block-cover__inner-container has-global-padding is-layout-constrained wp-container-core-cover-is-layout-1 wp-block-cover-is-layout-constrained\">\n<h1 class=\"wp-block-heading alignwide has-text-align-center is-style-text-display has-contrast-color has-text-color has-link-color has-xx-large-font-size wp-elements-6522fc8774396976a5426823d2ee6e36 is-style-text-display--1\">Kvie\u010diame mokytis Individualios psichodinamin\u0117s psichoterapijos<\/h1>\n\n\n\n<p class=\"has-text-align-center is-style-text-subtitle has-contrast-color has-text-color has-link-color wp-elements-b02901f9c1147d7f93bfc305770382b9 is-style-text-subtitle--2\">Iki 2026 m. rugpj\u016b\u010dio 15 d. laukiame norin\u010di\u0173 mokytis klausim\u0173 ir siun\u010diam\u0173 pra\u0161ym\u0173 studijuoti.<\/p>\n\n\n\n<div class=\"wp-block-buttons is-content-justification-center is-layout-flex wp-container-core-buttons-is-layout-1 wp-block-buttons-is-layout-flex\">\n<div class=\"wp-block-button is-style-fill\"><a class=\"wp-block-button__link has-base-color has-contrast-background-color has-text-color has-background has-link-color has-border-color has-accent-1-border-color wp-element-button\" href=\"https:\/\/www.psichoterapijos-mokymas.lt\/IPT\/norintiems-mokytis\/priemimo-tvarka\/\">Pri\u0117mimo tvarka<\/a><\/div>\n<\/div>\n<\/div><\/div>\n\n\n\n<div class=\"wp-block-group alignfull is-style-section-3 has-background has-global-padding is-layout-constrained wp-container-core-group-is-layout-3 wp-block-group-is-layout-constrained is-style-section-3--3\" style=\"background-color:#ffefc2;margin-top:0;margin-bottom:0;padding-top:var(--wp--preset--spacing--70);padding-right:var(--wp--preset--spacing--30);padding-bottom:var(--wp--preset--spacing--70);padding-left:var(--wp--preset--spacing--30)\">\n<div class=\"wp-block-group alignwide has-global-padding is-layout-constrained wp-container-core-group-is-layout-2 wp-block-group-is-layout-constrained\" style=\"padding-right:0;padding-left:0\">\n<div class=\"wp-block-group alignwide is-style-default has-global-padding is-layout-constrained wp-container-core-group-is-layout-1 wp-block-group-is-layout-constrained\" style=\"margin-top:0;margin-bottom:0;padding-top:0;padding-right:0;padding-bottom:0;padding-left:0\">\n<h2 class=\"wp-block-heading alignwide is-style-text-subtitle is-style-text-subtitle--4\">VU Medicinos fakultetas<sup><code><mark style=\"background-color:rgba(0, 0, 0, 0)\" class=\"has-inline-color has-accent-4-color\">*<\/mark><\/code><\/sup> si\u016blo 6 met\u0173<strong> Individualios psichodinamin\u0117s psichoterapijos<\/strong> (IPT) kurs\u0105, skirt\u0105 gydytojams, gydytojams rezidentams, psichologams ir magistrini\u0173 psichologijos studij\u0173 studentams, kur\u012f baigus, suteikiamas kvalifikacijos tobulinimo pa\u017eym\u0117jimas.<\/h2>\n<\/div>\n\n\n\n<blockquote class=\"wp-block-quote alignfull has-medium-font-size is-layout-flow wp-block-quote-is-layout-flow\" style=\"margin-right:0;margin-left:0;padding-right:var(--wp--preset--spacing--40);padding-left:var(--wp--preset--spacing--40)\">\n<p class=\"is-style-default\"><sup><code>*<\/code><\/sup> Programa patvirtinta VU Senate, MF taryboje ir Lietuvos psichoterapijos draugijoje. Absolvent\u0173 pa\u017eym\u0117jimai pripa\u017e\u012fstami LR SAM.<\/p>\n<\/blockquote>\n<\/div>\n<\/div>\n\n\n\n<div class=\"wp-block-group alignfull has-global-padding is-layout-constrained wp-container-core-group-is-layout-10 wp-block-group-is-layout-constrained\" style=\"margin-top:0;margin-bottom:0;padding-right:var(--wp--preset--spacing--30);padding-left:var(--wp--preset--spacing--30)\">\n<div class=\"wp-block-group alignwide is-layout-flow wp-container-core-group-is-layout-9 wp-block-group-is-layout-flow\" style=\"padding-top:var(--wp--preset--spacing--70);padding-bottom:var(--wp--preset--spacing--70)\">\n<div class=\"wp-block-columns is-layout-flex wp-container-core-columns-is-layout-3 wp-block-columns-is-layout-flex\">\n<div class=\"wp-block-column is-layout-flow wp-block-column-is-layout-flow\">\n<div class=\"wp-block-group alignfull is-layout-flow wp-block-group-is-layout-flow\" style=\"margin-top:0;margin-bottom:0\">\n<div class=\"wp-block-columns is-layout-flex wp-container-core-columns-is-layout-1 wp-block-columns-is-layout-flex\">\n<div class=\"wp-block-column is-layout-flow wp-block-column-is-layout-flow\">\n<div class=\"wp-block-group is-layout-flow wp-block-group-is-layout-flow\" style=\"border-top-style:none;border-top-width:0px;padding-top:var(--wp--preset--spacing--30);padding-bottom:var(--wp--preset--spacing--30)\">\n<h3 class=\"wp-block-heading\">Programos tikslas<\/h3>\n\n\n\n<p>Programa siekama paruo\u0161ti psichodinamin\u0117s krypties psichoterapeutus, turin\u010dius pakankamai teorini\u0173 \u017eini\u0173 ir praktini\u0173 \u012fg\u016bd\u017ei\u0173 savaranki\u0161kai teikti individuali\u0105 psichoterapin\u0119 pagalb\u0105.<\/p>\n<\/div>\n<\/div>\n\n\n\n<div class=\"wp-block-column is-layout-flow wp-block-column-is-layout-flow\">\n<div class=\"wp-block-group is-layout-flow wp-block-group-is-layout-flow\" style=\"border-top-style:none;border-top-width:0px;padding-top:var(--wp--preset--spacing--30);padding-bottom:var(--wp--preset--spacing--30)\">\n<h3 class=\"wp-block-heading\">Programos trukm\u0117<\/h3>\n\n\n\n<p>Programa trunka 6 metus: 5 metai skirti auditoriniam mokymuisi, o paskutiniai 1 metai \u2013 asmeninei terapijai ir  supervizijoms pabaigti bei baigiamojo darbo ra\u0161ymui. I\u0161 viso program\u0105 sudaro <strong>7010 <\/strong>akademini\u0173 valand\u0173 (<strong>240 <\/strong>kredit\u0173).<\/p>\n\n\n\n<p>Mokymai vyksta prailgint\u0173 savaitgali\u0173 (IV \u2013 VI) forma, i\u0161 viso \u2013 7&nbsp;mokymosi blokai per metus.&nbsp;Nuo antr\u0173j\u0173 mokymosi&nbsp;met\u0173 b\u016btina psichoterapinio (konsultavimo) darbo praktika.<\/p>\n<\/div>\n<\/div>\n<\/div>\n\n\n\n<div class=\"wp-block-columns is-layout-flex wp-container-core-columns-is-layout-2 wp-block-columns-is-layout-flex\">\n<div class=\"wp-block-column is-layout-flow wp-block-column-is-layout-flow\">\n<div class=\"wp-block-group is-layout-flow wp-block-group-is-layout-flow\" style=\"border-top-color:var(--wp--preset--color--accent-6);border-top-width:1px;padding-top:var(--wp--preset--spacing--30);padding-bottom:var(--wp--preset--spacing--30)\">\n<h3 class=\"wp-block-heading\">Programos turinys<\/h3>\n\n\n\n<p>IPT programa apima plat\u0173 teorin\u012f kurs\u0105, kuris ap\u017evelgia klasikines ir \u0161iuolaikines psichoanalitines mokyklas bei naujausius psichoterapijos tyrim\u0173 rezultatus. Programos metai suskirstyti taip:<\/p>\n\n\n\n<ul class=\"wp-block-list\">\n<li>I metai: \u201ePsichodinaminio m\u0105stymo pagrindai\u201c<\/li>\n\n\n\n<li>II metai: \u201ePsichodinamin\u0117 asmenyb\u0117s raidos samprata\u201c<\/li>\n\n\n\n<li>III metai: \u201ePsichodinamin\u0117 asmenyb\u0117s diagnostika\u201c<\/li>\n\n\n\n<li>IV metai: \u201ePsichodinamin\u0117s psichoterapijos technika\u201c<\/li>\n\n\n\n<li>V metai: \u201ePsichodinamin\u0117s psichoterapijos teorin\u0117 ir praktin\u0117 integracija\u201c<\/li>\n<\/ul>\n<\/div>\n\n\n\n<div class=\"wp-block-group is-layout-flow wp-block-group-is-layout-flow\" style=\"border-top-color:var(--wp--preset--color--accent-6);border-top-width:1px;padding-top:var(--wp--preset--spacing--30);padding-bottom:var(--wp--preset--spacing--30)\">\n<h3 class=\"wp-block-heading\">D\u0117stymo forma<\/h3>\n\n\n\n<p>D\u0117stymas apima teorines paskaitas, seminarus, asmenin\u0119 ir grupin\u0119 terapij\u0105 bei profesin\u0119 prie\u017ei\u016br\u0105, orientuot\u0105 \u012f darb\u0105 su pacientais.<\/p>\n\n\n\n<p>Programoje aktyviai taikomi grupin\u0117s psichoterapijos metodai:<\/p>\n\n\n\n<ul class=\"wp-block-list\">\n<li>Dalis asmenin\u0117s terapijos vyksta grup\u0117se.<\/li>\n\n\n\n<li>Dalis supervizij\u0173 taip pat organizuojamos grup\u0117se.<\/li>\n\n\n\n<li>Visi programos dalyviai \u012ftraukiami \u012f did\u017ei\u0105j\u0105 grup\u0119, kurioje vyksta bendri u\u017esi\u0117mimai.<\/li>\n\n\n\n<li>Mokytojai sprendimus d\u0117l vertinim\u0173 priima mokytoj\u0173 grup\u0117je &#8211; susirinkime.<\/li>\n<\/ul>\n\n\n\n<p>Tokiu b\u016bdu skatinamas profesinio tapatumo formavimas, mokymasis i\u0161 asmenin\u0117s ir grupin\u0117s patirties, ugdoma empatija bei kolegialumas. Taip pat formuojama profesin\u0117 bendruomen\u0117 ir \u012fg\u016bd\u017eiai dirbti intervizijos grup\u0117se.<\/p>\n\n\n\n<p>Norint dalyvauti programoje, b\u016btina mok\u0117ti skaityti ir suprasti profesin\u0119 literat\u016br\u0105 angl\u0173 kalba.<\/p>\n<\/div>\n<\/div>\n<\/div>\n<\/div>\n<\/div>\n<\/div>\n<\/div>\n<\/div>\n\n\n\n<div class=\"wp-block-group alignfull has-global-padding is-layout-constrained wp-container-core-group-is-layout-12 wp-block-group-is-layout-constrained\" style=\"margin-top:0;margin-bottom:0;padding-top:var(--wp--preset--spacing--70);padding-bottom:var(--wp--preset--spacing--70)\">\n<div class=\"wp-block-group alignwide is-layout-flow wp-block-group-is-layout-flow\">\n<p class=\"has-text-align-center is-style-text-display is-style-text-display--5\" style=\"font-style:normal;font-weight:400\">Turite klausim\u0173? <br><a href=\"https:\/\/www.psichoterapijos-mokymas.lt\/IPT\/kontaktai\/\" data-type=\"page\" data-id=\"66\" rel=\"nofollow\">Dr\u0105siai kreipkit\u0117s.<\/a><\/p>\n<\/div>\n<\/div>\n\n\n\n<p><\/p>\n","protected":false},"excerpt":{"rendered":"<p>VU Medicinos fakultetas* si\u016blo 6 met\u0173 Individualios psichodinamin\u0117s psichoterapijos (IPT) kurs\u0105, skirt\u0105 gydytojams, gydytojams rezidentams, psichologams ir magistrini\u0173 psichologijos studij\u0173 studentams, kur\u012f baigus, suteikiamas kvalifikacijos tobulinimo pa\u017eym\u0117jimas. * Programa patvirtinta VU Senate, MF taryboje ir Lietuvos psichoterapijos draugijoje. Absolvent\u0173 pa\u017eym\u0117jimai pripa\u017e\u012fstami LR SAM. Programos tikslas Programa siekama paruo\u0161ti psichodinamin\u0117s krypties psichoterapeutus, turin\u010dius pakankamai teorini\u0173 \u017eini\u0173 [&hellip;]<\/p>\n","protected":false},"author":1,"featured_media":11,"parent":0,"menu_order":2,"comment_status":"closed","ping_status":"closed","template":"page-no-title","meta":{"footnotes":""},"class_list":["post-5","page","type-page","status-publish","has-post-thumbnail","hentry"],"_links":{"self":[{"href":"https:\/\/www.psichoterapijos-mokymas.lt\/IPT\/wp-json\/wp\/v2\/pages\/5","targetHints":{"allow":["GET"]}}],"collection":[{"href":"https:\/\/www.psichoterapijos-mokymas.lt\/IPT\/wp-json\/wp\/v2\/pages"}],"about":[{"href":"https:\/\/www.psichoterapijos-mokymas.lt\/IPT\/wp-json\/wp\/v2\/types\/page"}],"author":[{"embeddable":true,"href":"https:\/\/www.psichoterapijos-mokymas.lt\/IPT\/wp-json\/wp\/v2\/users\/1"}],"replies":[{"embeddable":true,"href":"https:\/\/www.psichoterapijos-mokymas.lt\/IPT\/wp-json\/wp\/v2\/comments?post=5"}],"version-history":[{"count":30,"href":"https:\/\/www.psichoterapijos-mokymas.lt\/IPT\/wp-json\/wp\/v2\/pages\/5\/revisions"}],"predecessor-version":[{"id":610,"href":"https:\/\/www.psichoterapijos-mokymas.lt\/IPT\/wp-json\/wp\/v2\/pages\/5\/revisions\/610"}],"wp:featuredmedia":[{"embeddable":true,"href":"https:\/\/www.psichoterapijos-mokymas.lt\/IPT\/wp-json\/wp\/v2\/media\/11"}],"wp:attachment":[{"href":"https:\/\/www.psichoterapijos-mokymas.lt\/IPT\/wp-json\/wp\/v2\/media?parent=5"}],"curies":[{"name":"wp","href":"https:\/\/api.w.org\/{rel}","templated":true}]}}