{"id":54,"date":"2019-07-16T19:57:57","date_gmt":"2019-07-16T19:57:57","guid":{"rendered":"http:\/\/www.psichoterapijos-mokymas.org\/IPT\/\/?page_id=54"},"modified":"2025-08-31T21:51:47","modified_gmt":"2025-08-31T18:51:47","slug":"i-kursas","status":"publish","type":"page","link":"https:\/\/www.psichoterapijos-mokymas.lt\/IPT\/programa\/i-kursas\/","title":{"rendered":"I kursas"},"content":{"rendered":"\n<p><strong>PSICHODINAMINIO M\u0104STYMO PAGRINDAI<\/strong><\/p>\n\n\n\n<p>Paskaitos<em>:<\/em><\/p>\n\n\n\n<ul class=\"wp-block-list\">\n<li>Asmenyb\u0117s samprata psichoterpijoje<\/li>\n\n\n\n<li>\u012evadas \u012f psichoterapij\u0105<\/li>\n\n\n\n<li>Psichodinamin\u0117 psichiatrija\u00a0<\/li>\n<\/ul>\n\n\n\n<p>Seminarai<em>:<\/em><\/p>\n\n\n\n<ul class=\"wp-block-list\">\n<li>Psichoterapijos technikos \u012fvadas<\/li>\n\n\n\n<li>Ilgalaik\u0117 psichodinamin\u0117 psichoterapija (pagal Gabbard&#8217;\u0105)<\/li>\n\n\n\n<li>\u012evadas \u012f psichoanaliz\u0117s teorij\u0105 (pagal S.Freud&#8217;\u0105)<br><\/li>\n<\/ul>\n\n\n\n<p><\/p>\n","protected":false},"excerpt":{"rendered":"<p>PSICHODINAMINIO M\u0104STYMO PAGRINDAI Paskaitos: Seminarai:<\/p>\n","protected":false},"author":1,"featured_media":0,"parent":16,"menu_order":1,"comment_status":"closed","ping_status":"closed","template":"","meta":{"footnotes":""},"class_list":["post-54","page","type-page","status-publish","hentry"],"_links":{"self":[{"href":"https:\/\/www.psichoterapijos-mokymas.lt\/IPT\/wp-json\/wp\/v2\/pages\/54","targetHints":{"allow":["GET"]}}],"collection":[{"href":"https:\/\/www.psichoterapijos-mokymas.lt\/IPT\/wp-json\/wp\/v2\/pages"}],"about":[{"href":"https:\/\/www.psichoterapijos-mokymas.lt\/IPT\/wp-json\/wp\/v2\/types\/page"}],"author":[{"embeddable":true,"href":"https:\/\/www.psichoterapijos-mokymas.lt\/IPT\/wp-json\/wp\/v2\/users\/1"}],"replies":[{"embeddable":true,"href":"https:\/\/www.psichoterapijos-mokymas.lt\/IPT\/wp-json\/wp\/v2\/comments?post=54"}],"version-history":[{"count":4,"href":"https:\/\/www.psichoterapijos-mokymas.lt\/IPT\/wp-json\/wp\/v2\/pages\/54\/revisions"}],"predecessor-version":[{"id":560,"href":"https:\/\/www.psichoterapijos-mokymas.lt\/IPT\/wp-json\/wp\/v2\/pages\/54\/revisions\/560"}],"up":[{"embeddable":true,"href":"https:\/\/www.psichoterapijos-mokymas.lt\/IPT\/wp-json\/wp\/v2\/pages\/16"}],"wp:attachment":[{"href":"https:\/\/www.psichoterapijos-mokymas.lt\/IPT\/wp-json\/wp\/v2\/media?parent=54"}],"curies":[{"name":"wp","href":"https:\/\/api.w.org\/{rel}","templated":true}]}}