{"id":58,"date":"2019-07-16T19:59:00","date_gmt":"2019-07-16T19:59:00","guid":{"rendered":"http:\/\/www.psichoterapijos-mokymas.org\/IPT\/\/?page_id=58"},"modified":"2025-09-06T13:11:08","modified_gmt":"2025-09-06T10:11:08","slug":"iii-kursas","status":"publish","type":"page","link":"https:\/\/www.psichoterapijos-mokymas.lt\/IPT\/programa\/iii-kursas\/","title":{"rendered":"III kursas"},"content":{"rendered":"\n<p><strong>PSICHODINAMIN\u0116 PSICHOTERAPIJA<\/strong>&nbsp;<\/p>\n\n\n\n<p>Paskaitos:<\/p>\n\n\n\n<ul class=\"wp-block-list\">\n<li>Psichodinamin\u0117 psichoterapija<\/li>\n\n\n\n<li>Psichoanaliz\u0117s mokyklos ir j\u0173 teorij\u0173 taikymo galimyb\u0117s<\/li>\n<\/ul>\n\n\n\n<p>Seminarai:\u00a0<\/p>\n\n\n\n<ul class=\"wp-block-list\">\n<li> Psichodinaminio klausymo \u012fg\u016bd\u017eiai (Pagal J. Frederickson)<\/li>\n\n\n\n<li>Psichoterapin\u0117s technikos seminaras <\/li>\n<\/ul>\n\n\n\n<p>Grupin\u0117s supervizijos<\/p>\n\n\n\n<p><\/p>\n","protected":false},"excerpt":{"rendered":"<p>PSICHODINAMIN\u0116 PSICHOTERAPIJA&nbsp; Paskaitos: Seminarai:\u00a0 Grupin\u0117s supervizijos<\/p>\n","protected":false},"author":1,"featured_media":0,"parent":16,"menu_order":3,"comment_status":"closed","ping_status":"closed","template":"","meta":{"footnotes":""},"class_list":["post-58","page","type-page","status-publish","hentry"],"_links":{"self":[{"href":"https:\/\/www.psichoterapijos-mokymas.lt\/IPT\/wp-json\/wp\/v2\/pages\/58","targetHints":{"allow":["GET"]}}],"collection":[{"href":"https:\/\/www.psichoterapijos-mokymas.lt\/IPT\/wp-json\/wp\/v2\/pages"}],"about":[{"href":"https:\/\/www.psichoterapijos-mokymas.lt\/IPT\/wp-json\/wp\/v2\/types\/page"}],"author":[{"embeddable":true,"href":"https:\/\/www.psichoterapijos-mokymas.lt\/IPT\/wp-json\/wp\/v2\/users\/1"}],"replies":[{"embeddable":true,"href":"https:\/\/www.psichoterapijos-mokymas.lt\/IPT\/wp-json\/wp\/v2\/comments?post=58"}],"version-history":[{"count":6,"href":"https:\/\/www.psichoterapijos-mokymas.lt\/IPT\/wp-json\/wp\/v2\/pages\/58\/revisions"}],"predecessor-version":[{"id":578,"href":"https:\/\/www.psichoterapijos-mokymas.lt\/IPT\/wp-json\/wp\/v2\/pages\/58\/revisions\/578"}],"up":[{"embeddable":true,"href":"https:\/\/www.psichoterapijos-mokymas.lt\/IPT\/wp-json\/wp\/v2\/pages\/16"}],"wp:attachment":[{"href":"https:\/\/www.psichoterapijos-mokymas.lt\/IPT\/wp-json\/wp\/v2\/media?parent=58"}],"curies":[{"name":"wp","href":"https:\/\/api.w.org\/{rel}","templated":true}]}}