{"id":595,"date":"2025-11-10T00:41:41","date_gmt":"2025-11-09T22:41:41","guid":{"rendered":"https:\/\/www.psichoterapijos-mokymas.lt\/IPT\/?page_id=595"},"modified":"2025-11-14T15:26:58","modified_gmt":"2025-11-14T13:26:58","slug":"etikos-komisija","status":"publish","type":"page","link":"https:\/\/www.psichoterapijos-mokymas.lt\/IPT\/kursantams\/etikos-komisija\/","title":{"rendered":"Etikos komisija"},"content":{"rendered":"\n<p><strong>Etikos komisijos nariai:<\/strong><\/p>\n\n\n\n<p>Ina Undaravi\u010dien\u0117 (pirminink\u0117)<br>Audron\u0117 Nemanien\u0117 <br>Vita Mikuli\u010di\u016bt\u0117 <br>Indr\u0117 Baltru\u0161aityt\u0117 <br>Audron\u0117 Smirinenko<\/p>\n\n\n\n<p>\u012e etikos komisij\u0105 kreiptis el. pa\u0161tu:<br><a href=\"mailto:etika.psichodinamine@gmail.com\">etika.psichodinamine@gmail.com<\/a><\/p>\n","protected":false},"excerpt":{"rendered":"<p>Etikos komisijos nariai: Ina Undaravi\u010dien\u0117 (pirminink\u0117)Audron\u0117 Nemanien\u0117 Vita Mikuli\u010di\u016bt\u0117 Indr\u0117 Baltru\u0161aityt\u0117 Audron\u0117 Smirinenko \u012e etikos komisij\u0105 kreiptis el. pa\u0161tu:etika.psichodinamine@gmail.com<\/p>\n","protected":false},"author":1,"featured_media":0,"parent":39,"menu_order":0,"comment_status":"closed","ping_status":"closed","template":"","meta":{"footnotes":""},"class_list":["post-595","page","type-page","status-publish","hentry"],"_links":{"self":[{"href":"https:\/\/www.psichoterapijos-mokymas.lt\/IPT\/wp-json\/wp\/v2\/pages\/595","targetHints":{"allow":["GET"]}}],"collection":[{"href":"https:\/\/www.psichoterapijos-mokymas.lt\/IPT\/wp-json\/wp\/v2\/pages"}],"about":[{"href":"https:\/\/www.psichoterapijos-mokymas.lt\/IPT\/wp-json\/wp\/v2\/types\/page"}],"author":[{"embeddable":true,"href":"https:\/\/www.psichoterapijos-mokymas.lt\/IPT\/wp-json\/wp\/v2\/users\/1"}],"replies":[{"embeddable":true,"href":"https:\/\/www.psichoterapijos-mokymas.lt\/IPT\/wp-json\/wp\/v2\/comments?post=595"}],"version-history":[{"count":4,"href":"https:\/\/www.psichoterapijos-mokymas.lt\/IPT\/wp-json\/wp\/v2\/pages\/595\/revisions"}],"predecessor-version":[{"id":601,"href":"https:\/\/www.psichoterapijos-mokymas.lt\/IPT\/wp-json\/wp\/v2\/pages\/595\/revisions\/601"}],"up":[{"embeddable":true,"href":"https:\/\/www.psichoterapijos-mokymas.lt\/IPT\/wp-json\/wp\/v2\/pages\/39"}],"wp:attachment":[{"href":"https:\/\/www.psichoterapijos-mokymas.lt\/IPT\/wp-json\/wp\/v2\/media?parent=595"}],"curies":[{"name":"wp","href":"https:\/\/api.w.org\/{rel}","templated":true}]}}