{"id":60,"date":"2019-07-16T20:00:02","date_gmt":"2019-07-16T20:00:02","guid":{"rendered":"http:\/\/www.psichoterapijos-mokymas.org\/IPT\/\/?page_id=60"},"modified":"2025-09-21T13:31:31","modified_gmt":"2025-09-21T10:31:31","slug":"iv-kursas","status":"publish","type":"page","link":"https:\/\/www.psichoterapijos-mokymas.lt\/IPT\/programa\/iv-kursas\/","title":{"rendered":"IV kursas"},"content":{"rendered":"\n<p><strong>PSICHODINAMIN\u0116S PSICHOTERAPIJOS TECHNIKA<\/strong>&nbsp;<\/p>\n\n\n\n<p>Paskaitos:<\/p>\n\n\n\n<ul class=\"wp-block-list\">\n<li>Specifini\u0173 sutrikim\u0173 psichoterapija<\/li>\n<\/ul>\n\n\n\n<p>Seminarai:<\/p>\n\n\n\n<ul class=\"wp-block-list\">\n<li>Psichoanalitin\u0117s psichoterapijos technika pagal atskiras mokyklas<\/li>\n\n\n\n<li>Psichoterapin\u0117s technikos seminaras &#8222;Psichodinamin\u0117s psichoterapijos intervencijos ir proceso veiksniai&#8221;<\/li>\n\n\n\n<li>Psichoanalitin\u0117s terapijos technikos teorija<\/li>\n\n\n\n<li>S. Freudo technikos straipsni\u0173 nagrin\u0117jimas<\/li>\n\n\n\n<li>Psichoterapeuto asmenyb\u0117 ir profesiniai i\u0161\u0161\u016bkiai<\/li>\n\n\n\n<li>\u012e perk\u0117lim\u0105 sutelkta psichoterapija dirbant su ribin\u0117s organizacijos asmenyb\u0117mis (pagal O. Kenberg\u2019\u0105)<\/li>\n<\/ul>\n\n\n\n<p><\/p>\n","protected":false},"excerpt":{"rendered":"<p>PSICHODINAMIN\u0116S PSICHOTERAPIJOS TECHNIKA&nbsp; Paskaitos: Seminarai:<\/p>\n","protected":false},"author":1,"featured_media":0,"parent":16,"menu_order":4,"comment_status":"closed","ping_status":"closed","template":"","meta":{"footnotes":""},"class_list":["post-60","page","type-page","status-publish","hentry"],"_links":{"self":[{"href":"https:\/\/www.psichoterapijos-mokymas.lt\/IPT\/wp-json\/wp\/v2\/pages\/60","targetHints":{"allow":["GET"]}}],"collection":[{"href":"https:\/\/www.psichoterapijos-mokymas.lt\/IPT\/wp-json\/wp\/v2\/pages"}],"about":[{"href":"https:\/\/www.psichoterapijos-mokymas.lt\/IPT\/wp-json\/wp\/v2\/types\/page"}],"author":[{"embeddable":true,"href":"https:\/\/www.psichoterapijos-mokymas.lt\/IPT\/wp-json\/wp\/v2\/users\/1"}],"replies":[{"embeddable":true,"href":"https:\/\/www.psichoterapijos-mokymas.lt\/IPT\/wp-json\/wp\/v2\/comments?post=60"}],"version-history":[{"count":8,"href":"https:\/\/www.psichoterapijos-mokymas.lt\/IPT\/wp-json\/wp\/v2\/pages\/60\/revisions"}],"predecessor-version":[{"id":583,"href":"https:\/\/www.psichoterapijos-mokymas.lt\/IPT\/wp-json\/wp\/v2\/pages\/60\/revisions\/583"}],"up":[{"embeddable":true,"href":"https:\/\/www.psichoterapijos-mokymas.lt\/IPT\/wp-json\/wp\/v2\/pages\/16"}],"wp:attachment":[{"href":"https:\/\/www.psichoterapijos-mokymas.lt\/IPT\/wp-json\/wp\/v2\/media?parent=60"}],"curies":[{"name":"wp","href":"https:\/\/api.w.org\/{rel}","templated":true}]}}