{"id":62,"date":"2019-07-16T20:00:41","date_gmt":"2019-07-16T20:00:41","guid":{"rendered":"http:\/\/www.psichoterapijos-mokymas.org\/IPT\/\/?page_id=62"},"modified":"2025-09-21T13:36:44","modified_gmt":"2025-09-21T10:36:44","slug":"v-kursas","status":"publish","type":"page","link":"https:\/\/www.psichoterapijos-mokymas.lt\/IPT\/programa\/v-kursas\/","title":{"rendered":"V kursas"},"content":{"rendered":"\n<p><strong>PSICHODINAMIN\u0116S PSICHOTERAPIJOS TEORIN\u0116 IR PRAKTIN\u0116 INTEGRACIJA<\/strong>&nbsp;<\/p>\n\n\n\n<p>Paskaitos:<\/p>\n\n\n\n<ul class=\"wp-block-list\">\n<li>Specifini\u0173 sutrikim\u0173 psichoterapija<\/li>\n<\/ul>\n\n\n\n<p>Seminarai:<\/p>\n\n\n\n<ul class=\"wp-block-list\">\n<li>Psichoterapeuto profesin\u0117s kompetencijos tobulinimo seminaras<\/li>\n\n\n\n<li>Psichoterapin\u0117s technikos seminaras &#8222;Psichodinamin\u0117s psichoterapijos intervencijos ir proceso veiksniai&#8221;<\/li>\n\n\n\n<li>Seminaras pagal S. Akhtar L\u016b\u017eio ta\u0161kai <\/li>\n\n\n\n<li>Psichoterapeuto etika. Ribos ir j\u0173 pa\u017eeidimai.\u00a0(Pagal G. O. Gabbard, E. Lester)<\/li>\n\n\n\n<li>Psichoanalitinis (pa)matymas ir m\u0105stymas<\/li>\n<\/ul>\n\n\n\n<p><\/p>\n","protected":false},"excerpt":{"rendered":"<p>PSICHODINAMIN\u0116S PSICHOTERAPIJOS TEORIN\u0116 IR PRAKTIN\u0116 INTEGRACIJA&nbsp; Paskaitos: Seminarai:<\/p>\n","protected":false},"author":1,"featured_media":0,"parent":16,"menu_order":5,"comment_status":"closed","ping_status":"closed","template":"","meta":{"footnotes":""},"class_list":["post-62","page","type-page","status-publish","hentry"],"_links":{"self":[{"href":"https:\/\/www.psichoterapijos-mokymas.lt\/IPT\/wp-json\/wp\/v2\/pages\/62","targetHints":{"allow":["GET"]}}],"collection":[{"href":"https:\/\/www.psichoterapijos-mokymas.lt\/IPT\/wp-json\/wp\/v2\/pages"}],"about":[{"href":"https:\/\/www.psichoterapijos-mokymas.lt\/IPT\/wp-json\/wp\/v2\/types\/page"}],"author":[{"embeddable":true,"href":"https:\/\/www.psichoterapijos-mokymas.lt\/IPT\/wp-json\/wp\/v2\/users\/1"}],"replies":[{"embeddable":true,"href":"https:\/\/www.psichoterapijos-mokymas.lt\/IPT\/wp-json\/wp\/v2\/comments?post=62"}],"version-history":[{"count":7,"href":"https:\/\/www.psichoterapijos-mokymas.lt\/IPT\/wp-json\/wp\/v2\/pages\/62\/revisions"}],"predecessor-version":[{"id":585,"href":"https:\/\/www.psichoterapijos-mokymas.lt\/IPT\/wp-json\/wp\/v2\/pages\/62\/revisions\/585"}],"up":[{"embeddable":true,"href":"https:\/\/www.psichoterapijos-mokymas.lt\/IPT\/wp-json\/wp\/v2\/pages\/16"}],"wp:attachment":[{"href":"https:\/\/www.psichoterapijos-mokymas.lt\/IPT\/wp-json\/wp\/v2\/media?parent=62"}],"curies":[{"name":"wp","href":"https:\/\/api.w.org\/{rel}","templated":true}]}}