{"id":66,"date":"2019-07-16T20:01:54","date_gmt":"2019-07-16T20:01:54","guid":{"rendered":"http:\/\/www.psichoterapijos-mokymas.org\/IPT\/\/?page_id=66"},"modified":"2025-08-31T22:00:40","modified_gmt":"2025-08-31T19:00:40","slug":"kontaktai","status":"publish","type":"page","link":"https:\/\/www.psichoterapijos-mokymas.lt\/IPT\/kontaktai\/","title":{"rendered":"Kontaktai"},"content":{"rendered":"\n<p><strong>Visais klausimais galima kreiptis \u012f programos mokymo komitet\u0105:&nbsp;<\/strong><a href=\"mailto:psichodinamine@gmail.com\"><em>psichodinamine@gmail.com<\/em><\/a><\/p>\n\n\n\n<p>Individualios psichodinamin\u0117s psichoterapijos programos <\/p>\n\n\n\n<p>vadov\u0117 &#8211; doc.&nbsp;dr. Rima Vili\u016bnien\u0117, &nbsp;tel. +370 698 18961&nbsp;<\/p>\n\n\n\n<p>koordinator\u0117 &#8211; Au\u0161ra \u0160apranauskien\u0117, tel.&nbsp;+370 652 69977&nbsp;<\/p>\n\n\n\n<p><br>Mokymo komitetas: I. Ga\u0161kait\u0117,\u00a0A. \u0160apranauskien\u0117, I. \u0160ulcien\u0117, R. Vili\u016bnien\u0117, M. \u017duk\u0117<br><\/p>\n","protected":false},"excerpt":{"rendered":"<p>Visais klausimais galima kreiptis \u012f programos mokymo komitet\u0105:&nbsp;psichodinamine@gmail.com Individualios psichodinamin\u0117s psichoterapijos programos vadov\u0117 &#8211; doc.&nbsp;dr. Rima Vili\u016bnien\u0117, &nbsp;tel. +370 698 18961&nbsp; koordinator\u0117 &#8211; Au\u0161ra \u0160apranauskien\u0117, tel.&nbsp;+370 652 69977&nbsp; Mokymo komitetas: I. Ga\u0161kait\u0117,\u00a0A. \u0160apranauskien\u0117, I. \u0160ulcien\u0117, R. Vili\u016bnien\u0117, M. \u017duk\u0117<\/p>\n","protected":false},"author":1,"featured_media":0,"parent":0,"menu_order":6,"comment_status":"closed","ping_status":"closed","template":"","meta":{"footnotes":""},"class_list":["post-66","page","type-page","status-publish","hentry"],"_links":{"self":[{"href":"https:\/\/www.psichoterapijos-mokymas.lt\/IPT\/wp-json\/wp\/v2\/pages\/66","targetHints":{"allow":["GET"]}}],"collection":[{"href":"https:\/\/www.psichoterapijos-mokymas.lt\/IPT\/wp-json\/wp\/v2\/pages"}],"about":[{"href":"https:\/\/www.psichoterapijos-mokymas.lt\/IPT\/wp-json\/wp\/v2\/types\/page"}],"author":[{"embeddable":true,"href":"https:\/\/www.psichoterapijos-mokymas.lt\/IPT\/wp-json\/wp\/v2\/users\/1"}],"replies":[{"embeddable":true,"href":"https:\/\/www.psichoterapijos-mokymas.lt\/IPT\/wp-json\/wp\/v2\/comments?post=66"}],"version-history":[{"count":11,"href":"https:\/\/www.psichoterapijos-mokymas.lt\/IPT\/wp-json\/wp\/v2\/pages\/66\/revisions"}],"predecessor-version":[{"id":569,"href":"https:\/\/www.psichoterapijos-mokymas.lt\/IPT\/wp-json\/wp\/v2\/pages\/66\/revisions\/569"}],"wp:attachment":[{"href":"https:\/\/www.psichoterapijos-mokymas.lt\/IPT\/wp-json\/wp\/v2\/media?parent=66"}],"curies":[{"name":"wp","href":"https:\/\/api.w.org\/{rel}","templated":true}]}}