{"id":166,"date":"2019-08-11T20:28:23","date_gmt":"2019-08-11T17:28:23","guid":{"rendered":"http:\/\/psichoterapijos-mokymas.org\/grup\/?page_id=166"},"modified":"2020-01-10T07:59:09","modified_gmt":"2020-01-10T05:59:09","slug":"i-v-kursas","status":"publish","type":"page","link":"https:\/\/www.psichoterapijos-mokymas.lt\/grup\/grupines-analizes-kursas\/i-v-kursas\/","title":{"rendered":"I &#8211; II kursas"},"content":{"rendered":"\n<p style=\"text-align:center\" class=\"has-medium-font-size\"><strong>GRUPIN\u0116 ANALIZ\u0116<\/strong> <em>(J. Ulevi\u010dien\u0117)<\/em><\/p>\n\n\n\n<p>Kursas skirtas i\u0161samiam susipa\u017einimui su grupin\u0117s analiz\u0117s teorija, pagrindiniais metodais ir&nbsp;&nbsp;j\u0173 taikymu klinikin\u0117je praktikoje.<\/p>\n\n\n\n<ol class=\"wp-block-list\"><li><strong><em>S.H.Fukso ind\u0117lis \u012f grupin\u0119 analiz\u0119<\/em><\/strong><br>S.H.Fukso ind\u0117lis \u012f grupin\u0117s analiz\u0117s ir grupin\u0117s psichoterapijos teorijos , princip\u0173 ir metod\u0173 suk\u016brim\u0105. S.H Fukso id\u0117jos apie analitinio metodo taikym\u0105 dirbant su psichoterapin\u0117mis grup\u0117mis. S.H Fukso id\u0117jos apie grupiniam darbui specifini\u0173 faktori\u0173, grupi\u0173 dinamikos, psichoanalitini\u0173 ir grupini\u0173 analitini\u0173 proces\u0173 supratim\u0105. Grupi\u0173 analitiko vaidmuo ir naudojamos psichoterapin\u0117s technikos; analitinio darbo su specifin\u0117mis pacient\u0173 grup\u0117mis ypatumai.<\/li><li><strong><em>Matricos koncepcija<\/em><\/strong> <br>Matricos apibr\u0117\u017eimas. Grup\u0117s matricos susiformavimas. Komunikacija grup\u0117je, pagrindin\u0117 ir dinamin\u0117 matrica, susij\u0119 procesai. Grup\u0117 kaip individo psichinio gyvenimo matrica, tarpasmenin\u0117 s\u0105veika analitin\u0117je grup\u0117je; b\u016bdai, kuriais grup\u0117s matrica \u012ftakoja gydymo procesus. <\/li><li><strong><em>W.Biono ind\u0117lis \u012f grupin\u0119 analiz\u0119<\/em><\/strong><br>W.Biono id\u0117jos apie grupini\u0173 proces\u0173 ypatumus ir grupin\u0119 dinamik\u0105. Emocin\u0117s b\u016bsenos grup\u0117se \u2013\u201ebazini\u0173 prielaid\u0173\u201c teorija. Darbin\u0117 grup\u0117 ir bazini\u0173 prielaid\u0173 grup\u0117. W. Bion\u2018o nustatytos trys pagrindin\u0117s bazin\u0117s prielaidos : priklausomyb\u0117, kova-skrydis, poravimasis. W.Biono psichoanalitin\u0117s teorin\u0117s id\u0117jos ir fenomenai, j\u0173 pasirei\u0161kimas grup\u0117se. <\/li><li><strong><em>D.S.Whitaker ir I.D.Yalom ind\u0117lis \u012f grupin\u0119 analiz\u0119<\/em><\/strong> <br>D.S. Whitaker tyrim\u0173 metodas, centrinio konflikto koncepcija; grup\u0117s ir individo dinamika, tarpusavio ry\u0161ys.\u0160io metodo i\u0161ai\u0161kinimas ir praktin\u0117 iliustracija.\u00a0<br>I.D.Yalom tyrimai, darbo su grup\u0117mis teorija ir praktika. Pirminiai \u201eterapiniai faktoriai\u201c grupin\u0117je psichoterapijoje, \u012fvairi\u0173 individ\u0173 funkcionavimas grupi\u0173 kontekste. Terapinis grupini\u0173 metod\u0173 pritaikymas \u012fvairiuose klinikiniuose kontekstuose (stacionaro, terapin\u0117se bendruomen\u0117se ir kt.). <\/li><li><strong><em>Savasties (self) psichologijos ind\u0117lis \u012f grupin\u0119 analiz\u0119<\/em><\/strong> <br>H.Kohut savasties samprata ir teorija. Pagrindin\u0117s koncepcijos ( empatija, atspind\u0117jimas, idealizavimas, optimali frustracija ir kt.). Ankstyvosios patirties su pirminiais objektais \u012ftaka asmenyb\u0117s formavimuisi ir psichopatologijai, tarpasmeniniams santykiams. Pagrindin\u0117s savasties psichologijos koncepcijos ir j\u0173 pritaikymas grupin\u0117je analiz\u0117je. <\/li><li><strong><em>Intervencijos grupin\u0117s analiz\u0117s grup\u0117se<\/em><\/strong> <br>Pagrindin\u0117s terapin\u0117s intervencijos ( konfrontacijos, klarifikacijos, interpretacijos ir kt.), j\u0173 pritakymas grupi\u0173 kontekste.\u00a0<\/li><li><strong><em>Sistem\u0173 teorija, sapnai ir grupin\u0117 analiz\u0117<\/em><\/strong> <br>Bendroji sistem\u0173 teorija, \u012fvairi\u0173 tip\u0173 sistem\u0173 apra\u0161ymas, sistem\u0173 ry\u0161iai ir santykiai, sistem\u0173 tyrimas. Sistem\u0173 teorijos princip\u0173 pritaikymas grupini\u0173 proces\u0173 sampratai. <br>Grup\u0117s fantazijos ir sapnai, teorin\u0117 samprata. Sapn\u0173 ry\u0161ys su grup\u0117s dinamika, sapn\u0173 interpretacijos techniniai aspektai grupin\u0117s analiz\u0117s grup\u0117se. <\/li><li><strong><em>Kokyb\u0117s \u012fvertinimas grupin\u0117je analiz\u0117je ir kompleksiniame gydyme<\/em><\/strong> <br>Kombinuota individuali ir grupin\u0117 psichoterapija, pagrindiniai taikymo principai. Grupin\u0117 psichoterapija ry\u0161yje su kitais gydymo metodais (farmakoterapija), psichodinaminiai taikymo principai. <\/li><li><strong><em>\u00a0\u00a0Tyrimai, darb\u0173 ir klinikini\u0173 tezi\u0173\u00a0\u00a0ra\u0161ymas.<\/em><\/strong> <br>Hermeneutika, jos samprata, pagrindiniai metodai ir taikymo principai. Grupini\u0173 proces\u0173 tyrimo metodai; multidimensinis modelis, pagrindiniai principai, praktinis pritaikymas. <\/li><li><strong><em>Terminacijos faz\u0117 grupin\u0117s analiz\u0117s grup\u0117se<\/em><\/strong> <br>Grupin\u0117s psichoterapijos u\u017ebaigimo procesai, j\u0173 dinamika. Perdirbimo procesai grupin\u0117s analiz\u0117s grup\u0117se. Ged\u0117jimo procesas grupin\u0117je psichoterapijoje, ged\u0117jimo proceso ypatumai\u00a0\u00a0\u012fvairiose psichoterapin\u0117se grup\u0117se ( tame tarpe ir grupin\u0117s analiz\u0117s grup\u0117se). <br>Grup\u0117s proceso u\u017ebaigimo faz\u0117 ir jos specifika.<\/li><\/ol>\n\n\n\n<p><\/p>\n","protected":false},"excerpt":{"rendered":"<p>GRUPIN\u0116 ANALIZ\u0116 (J. Ulevi\u010dien\u0117) Kursas skirtas i\u0161samiam susipa\u017einimui su grupin\u0117s analiz\u0117s teorija, pagrindiniais metodais ir&nbsp;&nbsp;j\u0173 taikymu klinikin\u0117je praktikoje. S.H.Fukso ind\u0117lis \u012f grupin\u0119 analiz\u0119S.H.Fukso ind\u0117lis \u012f grupin\u0117s analiz\u0117s ir grupin\u0117s psichoterapijos teorijos , princip\u0173 ir metod\u0173 suk\u016brim\u0105. S.H Fukso id\u0117jos apie analitinio metodo taikym\u0105 dirbant su psichoterapin\u0117mis grup\u0117mis. S.H Fukso id\u0117jos apie grupiniam darbui specifini\u0173 faktori\u0173,<\/p>\n<p class=\"text-right\"><span class=\"screen-reader-text\">Skaityti toliau&#8230; I &#8211; II kursas<\/span><a class=\"btn btn-secondary continue-reading\" href=\"https:\/\/www.psichoterapijos-mokymas.lt\/grup\/grupines-analizes-kursas\/i-v-kursas\/\">Skaityti toliau&#8230;<\/a><\/p>\n","protected":false},"author":1,"featured_media":0,"parent":164,"menu_order":1,"comment_status":"closed","ping_status":"closed","template":"","meta":{"footnotes":""},"class_list":["post-166","page","type-page","status-publish","hentry"],"aioseo_notices":[],"_links":{"self":[{"href":"https:\/\/www.psichoterapijos-mokymas.lt\/grup\/wp-json\/wp\/v2\/pages\/166","targetHints":{"allow":["GET"]}}],"collection":[{"href":"https:\/\/www.psichoterapijos-mokymas.lt\/grup\/wp-json\/wp\/v2\/pages"}],"about":[{"href":"https:\/\/www.psichoterapijos-mokymas.lt\/grup\/wp-json\/wp\/v2\/types\/page"}],"author":[{"embeddable":true,"href":"https:\/\/www.psichoterapijos-mokymas.lt\/grup\/wp-json\/wp\/v2\/users\/1"}],"replies":[{"embeddable":true,"href":"https:\/\/www.psichoterapijos-mokymas.lt\/grup\/wp-json\/wp\/v2\/comments?post=166"}],"version-history":[{"count":6,"href":"https:\/\/www.psichoterapijos-mokymas.lt\/grup\/wp-json\/wp\/v2\/pages\/166\/revisions"}],"predecessor-version":[{"id":492,"href":"https:\/\/www.psichoterapijos-mokymas.lt\/grup\/wp-json\/wp\/v2\/pages\/166\/revisions\/492"}],"up":[{"embeddable":true,"href":"https:\/\/www.psichoterapijos-mokymas.lt\/grup\/wp-json\/wp\/v2\/pages\/164"}],"wp:attachment":[{"href":"https:\/\/www.psichoterapijos-mokymas.lt\/grup\/wp-json\/wp\/v2\/media?parent=166"}],"curies":[{"name":"wp","href":"https:\/\/api.w.org\/{rel}","templated":true}]}}