{"id":172,"date":"2019-08-11T20:29:57","date_gmt":"2019-08-11T17:29:57","guid":{"rendered":"http:\/\/psichoterapijos-mokymas.org\/grup\/?page_id=172"},"modified":"2025-10-02T01:19:25","modified_gmt":"2025-10-01T22:19:25","slug":"org-kursas","status":"publish","type":"page","link":"https:\/\/www.psichoterapijos-mokymas.lt\/grup\/org-kursas\/","title":{"rendered":"ORG kursas"},"content":{"rendered":"\n<p class=\"has-medium-font-size\"><strong>DARBO SU SUAUGUSI\u0172J\u0172 GRUP\u0116MIS ORGANIZACIJOSE MOKYMO PROGRAMA (3 metai)<\/strong> <\/p>\n\n\n\n<h5 class=\"wp-block-heading\"><strong>Darbo su suaugusi\u0173j\u0173 grup\u0117mis organizacijose <\/strong>kurso&nbsp;tikslas&nbsp;&#8211; suteikti darbo su organizacin\u0117mis darbuotoj\u0173 grup\u0117mis neklinikin\u0117se organizacijose \u012fg\u016bd\u017eius, remiantis analitiniu ir sisteminiu po\u017ei\u016briu.<\/h5>\n\n\n\n<p><strong>Programa&nbsp;<\/strong>yra mokymosi vis\u0105 gyvenim\u0105 kvalifikacijos tobulinimo kursas, \u012f kur\u012f priimami studijuoti visi specialistai su auk\u0161tuoju universitetiniu i\u0161silavinimu.&nbsp;<\/p>\n\n\n\n<p><strong>Profesionalas, baig\u0119s \u0161\u012f kvalifikacijos tobulinimo kurs\u0105<\/strong>, patobulins vadovavimo organizacin\u0117ms grup\u0117ms \u012fg\u016bd\u017eius: supras grupini\u0173 proces\u0173 dinamik\u0105; i\u0161moks suburti, strukt\u016bruoti ir administruoti grup\u0119 pagal grup\u0117s tikslus ir u\u017edavinius; matys, suvoks ir mok\u0117s naudotis grupin\u0117s s\u0105veikos procese atsirandan\u010diais mechanizmais, siekiant naudos kiekvienam atskiram dalyviui, grupei ir organizacijai;&nbsp;mok\u0117s \u012f\u017evelgti ir suprasti grupinio darbo eigoje vykstan\u010dius psichodinaminius grupinius procesus ir j\u0173 pasirei\u0161kimus, psichologini\u0173 dalyvi\u0173 gynyb\u0173 ir pasiprie\u0161inimo aprai\u0161kas ir prasm\u0119 grup\u0117s darbo metu, mok\u0117ti naudotis \u012fvairiomis intervencij\u0173 technikomis.&nbsp;<\/p>\n\n\n\n<p>Kursantai privalo nuolat pristatyti savo funkcionavimo organizacin\u0117se grup\u0117se praktin\u0119 patirt\u012f profesin\u0117s prie\u017ei\u016bros seminaruose viso mokymosi metu.\u00a0S\u0117kmingai baigusieji piln\u0105 kvalifikacijos k\u0117limo kurso program\u0105 ir apgyn\u0119 ra\u0161to darb\u0105 egzamino metu gauna nustatytos formos\u00a0VU mokymosi vis\u0105 gyvenim\u0105 (kvalifikacijos tobulinimo) kurso Darbas su suaugusi\u0173j\u0173 grup\u0117mis organizacijose baigimo pa\u017eym\u0117jim\u0105.\u00a0<\/p>\n\n\n\n<p>Kurso kaina: 2500 Eur u\u017e vienerius studij\u0173 metus.<\/p>\n","protected":false},"excerpt":{"rendered":"<p>DARBO SU SUAUGUSI\u0172J\u0172 GRUP\u0116MIS ORGANIZACIJOSE MOKYMO PROGRAMA (3 metai) Darbo su suaugusi\u0173j\u0173 grup\u0117mis organizacijose kurso&nbsp;tikslas&nbsp;&#8211; suteikti darbo su organizacin\u0117mis darbuotoj\u0173 grup\u0117mis neklinikin\u0117se organizacijose \u012fg\u016bd\u017eius, remiantis analitiniu ir sisteminiu po\u017ei\u016briu. Programa&nbsp;yra mokymosi vis\u0105 gyvenim\u0105 kvalifikacijos tobulinimo kursas, \u012f kur\u012f priimami studijuoti visi specialistai su auk\u0161tuoju universitetiniu i\u0161silavinimu.&nbsp; Profesionalas, baig\u0119s \u0161\u012f kvalifikacijos tobulinimo kurs\u0105, patobulins vadovavimo organizacin\u0117ms<\/p>\n<p class=\"text-right\"><span class=\"screen-reader-text\">Skaityti toliau&#8230; ORG kursas<\/span><a class=\"btn btn-secondary continue-reading\" href=\"https:\/\/www.psichoterapijos-mokymas.lt\/grup\/org-kursas\/\">Skaityti toliau&#8230;<\/a><\/p>\n","protected":false},"author":1,"featured_media":328,"parent":0,"menu_order":7,"comment_status":"closed","ping_status":"closed","template":"","meta":{"footnotes":""},"class_list":["post-172","page","type-page","status-publish","has-post-thumbnail","hentry"],"aioseo_notices":[],"_links":{"self":[{"href":"https:\/\/www.psichoterapijos-mokymas.lt\/grup\/wp-json\/wp\/v2\/pages\/172","targetHints":{"allow":["GET"]}}],"collection":[{"href":"https:\/\/www.psichoterapijos-mokymas.lt\/grup\/wp-json\/wp\/v2\/pages"}],"about":[{"href":"https:\/\/www.psichoterapijos-mokymas.lt\/grup\/wp-json\/wp\/v2\/types\/page"}],"author":[{"embeddable":true,"href":"https:\/\/www.psichoterapijos-mokymas.lt\/grup\/wp-json\/wp\/v2\/users\/1"}],"replies":[{"embeddable":true,"href":"https:\/\/www.psichoterapijos-mokymas.lt\/grup\/wp-json\/wp\/v2\/comments?post=172"}],"version-history":[{"count":14,"href":"https:\/\/www.psichoterapijos-mokymas.lt\/grup\/wp-json\/wp\/v2\/pages\/172\/revisions"}],"predecessor-version":[{"id":841,"href":"https:\/\/www.psichoterapijos-mokymas.lt\/grup\/wp-json\/wp\/v2\/pages\/172\/revisions\/841"}],"wp:featuredmedia":[{"embeddable":true,"href":"https:\/\/www.psichoterapijos-mokymas.lt\/grup\/wp-json\/wp\/v2\/media\/328"}],"wp:attachment":[{"href":"https:\/\/www.psichoterapijos-mokymas.lt\/grup\/wp-json\/wp\/v2\/media?parent=172"}],"curies":[{"name":"wp","href":"https:\/\/api.w.org\/{rel}","templated":true}]}}