{"id":174,"date":"2019-08-11T20:30:27","date_gmt":"2019-08-11T17:30:27","guid":{"rendered":"http:\/\/psichoterapijos-mokymas.org\/grup\/?page_id=174"},"modified":"2022-07-17T08:05:54","modified_gmt":"2022-07-17T05:05:54","slug":"i-kursas","status":"publish","type":"page","link":"https:\/\/www.psichoterapijos-mokymas.lt\/grup\/org-kursas\/i-kursas\/","title":{"rendered":"I kursas"},"content":{"rendered":"\n<p><strong>Paskaitos<\/strong> &#8211; http:\/\/psichoterapijos-mokymas.org\/grup\/programa\/i-kursas\/<br><strong>Seminar\u0173 metu<\/strong> studentai su d\u0117st. Milda Autukaite diskutuos \u201cPsichodinaminio po\u017ei\u016brio \u012f procesus grup\u0117se pradmenys\u201d teorijos kurso med\u017eiag\u0105 organizacij\u0173 kontekste bei analizuos \u012fgyt\u0173 teorini\u0173 \u017eini\u0173 ir princip\u0173 taikymo organizacijose galimybes.<\/p>\n","protected":false},"excerpt":{"rendered":"<p>Paskaitos &#8211; http:\/\/psichoterapijos-mokymas.org\/grup\/programa\/i-kursas\/Seminar\u0173 metu studentai su d\u0117st. Milda Autukaite diskutuos \u201cPsichodinaminio po\u017ei\u016brio \u012f procesus grup\u0117se pradmenys\u201d teorijos kurso med\u017eiag\u0105 organizacij\u0173 kontekste bei analizuos \u012fgyt\u0173 teorini\u0173 \u017eini\u0173 ir princip\u0173 taikymo organizacijose galimybes.<\/p>\n","protected":false},"author":1,"featured_media":0,"parent":172,"menu_order":1,"comment_status":"closed","ping_status":"closed","template":"","meta":{"footnotes":""},"class_list":["post-174","page","type-page","status-publish","hentry"],"aioseo_notices":[],"_links":{"self":[{"href":"https:\/\/www.psichoterapijos-mokymas.lt\/grup\/wp-json\/wp\/v2\/pages\/174","targetHints":{"allow":["GET"]}}],"collection":[{"href":"https:\/\/www.psichoterapijos-mokymas.lt\/grup\/wp-json\/wp\/v2\/pages"}],"about":[{"href":"https:\/\/www.psichoterapijos-mokymas.lt\/grup\/wp-json\/wp\/v2\/types\/page"}],"author":[{"embeddable":true,"href":"https:\/\/www.psichoterapijos-mokymas.lt\/grup\/wp-json\/wp\/v2\/users\/1"}],"replies":[{"embeddable":true,"href":"https:\/\/www.psichoterapijos-mokymas.lt\/grup\/wp-json\/wp\/v2\/comments?post=174"}],"version-history":[{"count":6,"href":"https:\/\/www.psichoterapijos-mokymas.lt\/grup\/wp-json\/wp\/v2\/pages\/174\/revisions"}],"predecessor-version":[{"id":664,"href":"https:\/\/www.psichoterapijos-mokymas.lt\/grup\/wp-json\/wp\/v2\/pages\/174\/revisions\/664"}],"up":[{"embeddable":true,"href":"https:\/\/www.psichoterapijos-mokymas.lt\/grup\/wp-json\/wp\/v2\/pages\/172"}],"wp:attachment":[{"href":"https:\/\/www.psichoterapijos-mokymas.lt\/grup\/wp-json\/wp\/v2\/media?parent=174"}],"curies":[{"name":"wp","href":"https:\/\/api.w.org\/{rel}","templated":true}]}}