{"id":178,"date":"2019-08-11T20:31:14","date_gmt":"2019-08-11T17:31:14","guid":{"rendered":"http:\/\/psichoterapijos-mokymas.org\/grup\/?page_id=178"},"modified":"2020-01-10T08:19:58","modified_gmt":"2020-01-10T06:19:58","slug":"iii-kursas","status":"publish","type":"page","link":"https:\/\/www.psichoterapijos-mokymas.lt\/grup\/org-kursas\/iii-kursas\/","title":{"rendered":"III kursas"},"content":{"rendered":"\n<p style=\"text-align:center\" class=\"has-medium-font-size\"><strong>PSICHODINAMINIS GRUPI\u0172 PROCES\u0172 ORGANIZACIJOSE ATPA\u017dINIMAS IR TINKAMI INTERVENCIJOS B\u016aDAI <\/strong><em> <\/em><br><em>(M. Autukait\u0117)<\/em><\/p>\n\n\n\n<p>Studentai susipa\u017eins su psichodinamin\u0117mis id\u0117jomis pagr\u012fsta organizacijos bei jos dinamikos samprata, taip pat grupi\u0173 ir organizacij\u0173 konsultavimo principais.<\/p>\n\n\n\n<ol class=\"wp-block-list\"><li><strong>Organizacij\u0173 samprata remiantis psichodinamin\u0117mis id\u0117jomis<\/strong>. Teorijos, \u012f kurias atsiremia&nbsp;organizacij\u0173 konsultavimas (psichodinamin\u0117s, sistem\u0173 teorijos). Svarbiausi\u0173 organizacij\u0173 konsultavime teorini\u0173 id\u0117j\u0173 \u201e\u017eem\u0117lapis\u201c (ap\u017evelgsim paskaitos metu). Pas\u0105moniniai procesai organizacijose. \u201eOrganizacija omenyje\u201c (Organization in mind). <\/li><li><strong>Grupi\u0173 ir organizacij\u0173 konsultavimo teorijos ir koncepcijos<\/strong>. <br>Rib\u0173 (boundary), vald\u017eios (authority), vaidmens (role), u\u017eduoties (task) s\u0105vokos: BART modelis. Vaidmens dinamika. Valency. W. R. Bion \u2013 pirmin\u0117s prielaidos (basic assumptions), pirmin\u0117 u\u017eduotis (primary task), anti-u\u017eduotis (antitask). <\/li><li><strong>Perk\u0117limas ir kontrperk\u0117limas. Gynybniai mechanizmai grup\u0117se ir organizacijose. Pasiprie\u0161inimas poky\u010diams organizacijose<\/strong>.<\/li><li><strong>Konsultanto vaidmuo organizacijose. Konsultavimo ciklas. Grupi\u0173 vedimo stiliai<\/strong>. <\/li><li><strong>Did\u017eioji grup\u0117. Intervencija \u012f dideles sistemas<\/strong>.<\/li><\/ol>\n","protected":false},"excerpt":{"rendered":"<p>PSICHODINAMINIS GRUPI\u0172 PROCES\u0172 ORGANIZACIJOSE ATPA\u017dINIMAS IR TINKAMI INTERVENCIJOS B\u016aDAI (M. Autukait\u0117) Studentai susipa\u017eins su psichodinamin\u0117mis id\u0117jomis pagr\u012fsta organizacijos bei jos dinamikos samprata, taip pat grupi\u0173 ir organizacij\u0173 konsultavimo principais. Organizacij\u0173 samprata remiantis psichodinamin\u0117mis id\u0117jomis. Teorijos, \u012f kurias atsiremia&nbsp;organizacij\u0173 konsultavimas (psichodinamin\u0117s, sistem\u0173 teorijos). Svarbiausi\u0173 organizacij\u0173 konsultavime teorini\u0173 id\u0117j\u0173 \u201e\u017eem\u0117lapis\u201c (ap\u017evelgsim paskaitos metu). Pas\u0105moniniai procesai organizacijose. \u201eOrganizacija<\/p>\n<p class=\"text-right\"><span class=\"screen-reader-text\">Skaityti toliau&#8230; III kursas<\/span><a class=\"btn btn-secondary continue-reading\" href=\"https:\/\/www.psichoterapijos-mokymas.lt\/grup\/org-kursas\/iii-kursas\/\">Skaityti toliau&#8230;<\/a><\/p>\n","protected":false},"author":1,"featured_media":0,"parent":172,"menu_order":3,"comment_status":"closed","ping_status":"closed","template":"","meta":{"footnotes":""},"class_list":["post-178","page","type-page","status-publish","hentry"],"aioseo_notices":[],"_links":{"self":[{"href":"https:\/\/www.psichoterapijos-mokymas.lt\/grup\/wp-json\/wp\/v2\/pages\/178","targetHints":{"allow":["GET"]}}],"collection":[{"href":"https:\/\/www.psichoterapijos-mokymas.lt\/grup\/wp-json\/wp\/v2\/pages"}],"about":[{"href":"https:\/\/www.psichoterapijos-mokymas.lt\/grup\/wp-json\/wp\/v2\/types\/page"}],"author":[{"embeddable":true,"href":"https:\/\/www.psichoterapijos-mokymas.lt\/grup\/wp-json\/wp\/v2\/users\/1"}],"replies":[{"embeddable":true,"href":"https:\/\/www.psichoterapijos-mokymas.lt\/grup\/wp-json\/wp\/v2\/comments?post=178"}],"version-history":[{"count":6,"href":"https:\/\/www.psichoterapijos-mokymas.lt\/grup\/wp-json\/wp\/v2\/pages\/178\/revisions"}],"predecessor-version":[{"id":501,"href":"https:\/\/www.psichoterapijos-mokymas.lt\/grup\/wp-json\/wp\/v2\/pages\/178\/revisions\/501"}],"up":[{"embeddable":true,"href":"https:\/\/www.psichoterapijos-mokymas.lt\/grup\/wp-json\/wp\/v2\/pages\/172"}],"wp:attachment":[{"href":"https:\/\/www.psichoterapijos-mokymas.lt\/grup\/wp-json\/wp\/v2\/media?parent=178"}],"curies":[{"name":"wp","href":"https:\/\/api.w.org\/{rel}","templated":true}]}}