{"id":20,"date":"2019-07-16T19:18:50","date_gmt":"2019-07-16T19:18:50","guid":{"rendered":"http:\/\/psichoterapijos-mokymas.org\/grup\/\/?page_id=20"},"modified":"2025-10-22T21:56:38","modified_gmt":"2025-10-22T18:56:38","slug":"programos-vykdytojai","status":"publish","type":"page","link":"https:\/\/www.psichoterapijos-mokymas.lt\/grup\/iptk\/programos-vykdytojai\/","title":{"rendered":"Program\u0173 vykdytojai"},"content":{"rendered":"\n<p>Program\u0105 vykdo Vilniaus universiteto Medicinos fakulteto Klinikin\u0117s medicinos instituto Psichiatrijos klinika.<\/p>\n\n\n\n<p>\u012egyvendinant program\u0105 bendradarbiaujama su Lietuvos grupin\u0117s analiz\u0117s draugija (<a href=\"http:\/\/www.lgad.lt\" title=\"www.lgad.lt\">www.lgad.lt<\/a>). <\/p>\n\n\n\n<p><\/p>\n","protected":false},"excerpt":{"rendered":"<p>Program\u0105 vykdo Vilniaus universiteto Medicinos fakulteto Klinikin\u0117s medicinos instituto Psichiatrijos klinika. \u012egyvendinant program\u0105 bendradarbiaujama su Lietuvos grupin\u0117s analiz\u0117s draugija (www.lgad.lt).<\/p>\n","protected":false},"author":1,"featured_media":0,"parent":5,"menu_order":1,"comment_status":"closed","ping_status":"closed","template":"","meta":{"footnotes":""},"class_list":["post-20","page","type-page","status-publish","hentry"],"aioseo_notices":[],"_links":{"self":[{"href":"https:\/\/www.psichoterapijos-mokymas.lt\/grup\/wp-json\/wp\/v2\/pages\/20","targetHints":{"allow":["GET"]}}],"collection":[{"href":"https:\/\/www.psichoterapijos-mokymas.lt\/grup\/wp-json\/wp\/v2\/pages"}],"about":[{"href":"https:\/\/www.psichoterapijos-mokymas.lt\/grup\/wp-json\/wp\/v2\/types\/page"}],"author":[{"embeddable":true,"href":"https:\/\/www.psichoterapijos-mokymas.lt\/grup\/wp-json\/wp\/v2\/users\/1"}],"replies":[{"embeddable":true,"href":"https:\/\/www.psichoterapijos-mokymas.lt\/grup\/wp-json\/wp\/v2\/comments?post=20"}],"version-history":[{"count":6,"href":"https:\/\/www.psichoterapijos-mokymas.lt\/grup\/wp-json\/wp\/v2\/pages\/20\/revisions"}],"predecessor-version":[{"id":898,"href":"https:\/\/www.psichoterapijos-mokymas.lt\/grup\/wp-json\/wp\/v2\/pages\/20\/revisions\/898"}],"up":[{"embeddable":true,"href":"https:\/\/www.psichoterapijos-mokymas.lt\/grup\/wp-json\/wp\/v2\/pages\/5"}],"wp:attachment":[{"href":"https:\/\/www.psichoterapijos-mokymas.lt\/grup\/wp-json\/wp\/v2\/media?parent=20"}],"curies":[{"name":"wp","href":"https:\/\/api.w.org\/{rel}","templated":true}]}}