{"id":24,"date":"2019-07-16T19:45:30","date_gmt":"2019-07-16T19:45:30","guid":{"rendered":"http:\/\/psichoterapijos-mokymas.org\/grup\/\/?page_id=24"},"modified":"2025-10-01T00:01:50","modified_gmt":"2025-09-30T21:01:50","slug":"kursanto-teises-ir-pareigos","status":"publish","type":"page","link":"https:\/\/www.psichoterapijos-mokymas.lt\/grup\/iptk\/kursanto-teises-ir-pareigos\/","title":{"rendered":"Klausytoj\u0173 teis\u0117s ir pareigos"},"content":{"rendered":"\n<p>Klausytoja(-s) privalo lankyti visus u\u017esi\u0117mimus. Jei\u00a0klausytoja(-s) praleid\u017eia daugiau kaip 20 % vis\u0173 tip\u0173 programoje numatyt\u0173 u\u017esi\u0117mim\u0173, laikoma, kad ji(-s) neatitinka kurso reikalavim\u0173 ir nor\u0117dama(-s) t\u0119sti studijas turi kartoti kurs\u0105.<\/p>\n\n\n\n<p>Klausytoja(-s) \u012fsipareigoja sumok\u0117ti studij\u0173 mokest\u012f. Jei d\u0117l koki\u0173 nors prie\u017eas\u010di\u0173 klausytoja(-s) nutraukia mokym\u0105si, pinigai n\u0117ra gra\u017einami.<\/p>\n\n\n\n<p>Klausytoja(-s) privalo laikytis profesin\u0117s etikos princip\u0173.\u00a0<\/p>\n\n\n\n<p>Klausytoja(-s) gali, pateikusi(-\u0119s) pagr\u012fstas prie\u017eastis, pra\u0161yti akademini\u0173 atostog\u0173.<\/p>\n\n\n\n<p>Klausytoja(-s) gali kartoti kurs\u0105, jei yra praleidusi(-\u0119s) daugiau nei numatyta programos valand\u0173 arba supervizoriui rekomenduojant.<\/p>\n\n\n\n<p>Klausytoja(-s) gali pra\u0161yti atid\u0117ti baigiamojo ra\u0161to darbo ra\u0161ym\u0105 pateikusi(-\u0119s) pagr\u012fstas prie\u017eastis.<\/p>\n\n\n\n<p><\/p>\n","protected":false},"excerpt":{"rendered":"<p>Klausytoja(-s) privalo lankyti visus u\u017esi\u0117mimus. Jei\u00a0klausytoja(-s) praleid\u017eia daugiau kaip 20 % vis\u0173 tip\u0173 programoje numatyt\u0173 u\u017esi\u0117mim\u0173, laikoma, kad ji(-s) neatitinka kurso reikalavim\u0173 ir nor\u0117dama(-s) t\u0119sti studijas turi kartoti kurs\u0105. Klausytoja(-s) \u012fsipareigoja sumok\u0117ti studij\u0173 mokest\u012f. Jei d\u0117l koki\u0173 nors prie\u017eas\u010di\u0173 klausytoja(-s) nutraukia mokym\u0105si, pinigai n\u0117ra gra\u017einami. Klausytoja(-s) privalo laikytis profesin\u0117s etikos princip\u0173.\u00a0 Klausytoja(-s) gali, pateikusi(-\u0119s) pagr\u012fstas<\/p>\n<p class=\"text-right\"><span class=\"screen-reader-text\">Skaityti toliau&#8230; Klausytoj\u0173 teis\u0117s ir pareigos<\/span><a class=\"btn btn-secondary continue-reading\" href=\"https:\/\/www.psichoterapijos-mokymas.lt\/grup\/iptk\/kursanto-teises-ir-pareigos\/\">Skaityti toliau&#8230;<\/a><\/p>\n","protected":false},"author":1,"featured_media":0,"parent":5,"menu_order":2,"comment_status":"closed","ping_status":"closed","template":"","meta":{"footnotes":""},"class_list":["post-24","page","type-page","status-publish","hentry"],"aioseo_notices":[],"_links":{"self":[{"href":"https:\/\/www.psichoterapijos-mokymas.lt\/grup\/wp-json\/wp\/v2\/pages\/24","targetHints":{"allow":["GET"]}}],"collection":[{"href":"https:\/\/www.psichoterapijos-mokymas.lt\/grup\/wp-json\/wp\/v2\/pages"}],"about":[{"href":"https:\/\/www.psichoterapijos-mokymas.lt\/grup\/wp-json\/wp\/v2\/types\/page"}],"author":[{"embeddable":true,"href":"https:\/\/www.psichoterapijos-mokymas.lt\/grup\/wp-json\/wp\/v2\/users\/1"}],"replies":[{"embeddable":true,"href":"https:\/\/www.psichoterapijos-mokymas.lt\/grup\/wp-json\/wp\/v2\/comments?post=24"}],"version-history":[{"count":4,"href":"https:\/\/www.psichoterapijos-mokymas.lt\/grup\/wp-json\/wp\/v2\/pages\/24\/revisions"}],"predecessor-version":[{"id":763,"href":"https:\/\/www.psichoterapijos-mokymas.lt\/grup\/wp-json\/wp\/v2\/pages\/24\/revisions\/763"}],"up":[{"embeddable":true,"href":"https:\/\/www.psichoterapijos-mokymas.lt\/grup\/wp-json\/wp\/v2\/pages\/5"}],"wp:attachment":[{"href":"https:\/\/www.psichoterapijos-mokymas.lt\/grup\/wp-json\/wp\/v2\/media?parent=24"}],"curies":[{"name":"wp","href":"https:\/\/api.w.org\/{rel}","templated":true}]}}