{"id":29,"date":"2019-07-16T19:46:50","date_gmt":"2019-07-16T19:46:50","guid":{"rendered":"http:\/\/psichoterapijos-mokymas.org\/grup\/\/?page_id=29"},"modified":"2025-10-01T01:10:46","modified_gmt":"2025-09-30T22:10:46","slug":"naujienos","status":"publish","type":"page","link":"https:\/\/www.psichoterapijos-mokymas.lt\/grup\/naujienos\/","title":{"rendered":"Naujienos"},"content":{"rendered":"\n<div class=\"wp-block-query alignfull is-layout-flow wp-block-query-is-layout-flow\">\n<div class=\"wp-block-group alignfull\" style=\"padding-top:0;padding-right:0;padding-bottom:0;padding-left:0\"><div class=\"wp-block-group__inner-container is-layout-flow wp-block-group-is-layout-flow\"><ul style=\"text-transform:none;\" class=\"wp-block-post-template is-layout-flow wp-block-post-template-is-layout-flow\"><li class=\"wp-block-post post-910 post type-post status-publish format-standard hentry category-naujienos category-uncategorized\"><\/li><li class=\"wp-block-post post-880 post type-post status-publish format-standard hentry category-naujienos\"><\/li><li class=\"wp-block-post post-871 post type-post status-publish format-standard hentry category-naujienos\"><\/li><\/ul><\/div><\/div>\n\n\n\n<div class=\"wp-block-group\" style=\"margin-top:0;margin-bottom:0;padding-top:var(--wp--preset--spacing--30);padding-right:16px;padding-bottom:var(--wp--preset--spacing--30);padding-left:16px\"><div class=\"wp-block-group__inner-container is-layout-flow wp-block-group-is-layout-flow\"><nav class=\"wp-block-query-pagination is-content-justification-left is-nowrap is-layout-flex wp-container-core-query-pagination-is-layout-1 wp-block-query-pagination-is-layout-flex\" aria-label=\"Puslapiavimas\">\n\n\n<a href=\"\/grup\/wp-json\/wp\/v2\/pages\/29?query-31-page=2\" style=\"text-transform:uppercase;\" class=\"wp-block-query-pagination-next has-small-font-size\">Next<\/a>\n<\/nav><\/div><\/div>\n<\/div>\n\n\n\n<div class=\"wp-block-query is-layout-flow wp-block-query-is-layout-flow\"><ul class=\"wp-block-post-template is-layout-flow wp-block-post-template-is-layout-flow\"><li class=\"wp-block-post post-910 post type-post status-publish format-standard hentry category-naujienos category-uncategorized\">\n\n<div class=\"wp-block-group\" style=\"padding-top:30px;padding-right:30px;padding-bottom:30px;padding-left:30px\"><div class=\"wp-block-group__inner-container is-layout-flow wp-block-group-is-layout-flow\"><h2 class=\"wp-block-post-title\"><a href=\"https:\/\/www.psichoterapijos-mokymas.lt\/grup\/2025\/11\/11\/ziurekite-seminaro-diskusijos-hierarchija-baime-ir-atpirkimo-oziai-kaip-grupe-keicia-individa-irasa\/\" target=\"_self\" >\u017di\u016br\u0117kite seminaro-diskusijos \u201eHierarchija, baim\u0117 ir atpirkimo o\u017eiai: kaip grup\u0117 kei\u010dia individ\u0105\u201c \u012fra\u0161\u0105<\/a><\/h2>\n\n<div class=\"wp-block-post-excerpt\"><p class=\"wp-block-post-excerpt__excerpt\">Kvie\u010diame \u017ei\u016br\u0117ti 2025 m. lapkri\u010dio 6 d. vykusio seminaro-diskusijos \u201eHierarchija, baim\u0117 ir atpirkimo o\u017eiai: kaip grup\u0117 kei\u010dia individ\u0105\u201c \u012fra\u0161\u0105. Renginio metu diskutuota, kaip grup\u0117 formuoja hierarchij\u0105, i\u0161kelia lyderius ir \u201eatpirkimo o\u017eius\u201c, kaip baim\u0117 virsta agresija, o socialin\u0117s normos \u2013 smurtu. Diskutuojant remtasi William Golding romanu \u201eMusi\u0173 valdovas\u201c. Diskusij\u0105 veda Edita Tikn\u0117, psicholog\u0117-psichoterapeut\u0117, Vilniaus universiteto (VU)Skaityti&hellip; <\/p><\/div>\n\n<div class=\"wp-block-post-date\"><time datetime=\"2025-11-11T22:35:36+02:00\">2025-11-11<\/time><\/div><\/div><\/div>\n\n<\/li><li class=\"wp-block-post post-880 post type-post status-publish format-standard hentry category-naujienos\">\n\n<div class=\"wp-block-group\" style=\"padding-top:30px;padding-right:30px;padding-bottom:30px;padding-left:30px\"><div class=\"wp-block-group__inner-container is-layout-flow wp-block-group-is-layout-flow\"><h2 class=\"wp-block-post-title\"><a href=\"https:\/\/www.psichoterapijos-mokymas.lt\/grup\/2025\/10\/22\/ziurekite-mokymo-programu-pristatymo-irasa\/\" target=\"_self\" >Mokym\u0173 programas vaizdo \u012fra\u0161e pristato j\u0173 mokytojai. Kvie\u010diame \u017ei\u016br\u0117ti!<\/a><\/h2>\n\n<div class=\"wp-block-post-excerpt\"><p class=\"wp-block-post-excerpt__excerpt\">Vilniaus universiteto ir Lietuvos grupin\u0117s analiz\u0117s draugijos organizuojam\u0173 studij\u0173 \u201ePsichodinamin\u0117 grupin\u0117 psichoterapija\u201c (PGT) ir \u201eDarbas su suaugusi\u0173j\u0173 grup\u0117mis organizacijose\u201c (ORG) programas pokalbyje pristato programos d\u0117stytojai ir Mokymo komiteto nariai: Pristatymo turinys: 0:00 \u012e\u017eanga ir prisistatymas02:35 Kas yra grupin\u0117 psichoterapija ir kuo ji skiriasi nuo individualios?04:18 K\u0105 rei\u0161kia psichodinaminis po\u017ei\u016bris?05:54 Trumpai apie mokymo program\u0173 i\u0161takas07:20 ApieSkaityti&hellip; <\/p><\/div>\n\n<div class=\"wp-block-post-date\"><time datetime=\"2025-10-22T20:58:51+03:00\">2025-10-22<\/time><\/div><\/div><\/div>\n\n<\/li><li class=\"wp-block-post post-871 post type-post status-publish format-standard hentry category-naujienos\">\n\n<div class=\"wp-block-group\" style=\"padding-top:30px;padding-right:30px;padding-bottom:30px;padding-left:30px\"><div class=\"wp-block-group__inner-container is-layout-flow wp-block-group-is-layout-flow\"><h2 class=\"wp-block-post-title\"><a href=\"https:\/\/www.psichoterapijos-mokymas.lt\/grup\/2025\/10\/17\/kvieciame-i-seminara-diskusija-hierarchija-baime-ir-atpirkimo-oziai-kaip-grupe-keicia-individa\/\" target=\"_self\" >Kvie\u010diame \u012f 2025-11-06 vyksiant\u012f seminar\u0105-diskusij\u0105 \u201eHierarchija, baim\u0117 ir atpirkimo o\u017eiai: kaip grup\u0117 kei\u010dia individ\u0105\u201c<\/a><\/h2>\n\n<div class=\"wp-block-post-excerpt\"><p class=\"wp-block-post-excerpt__excerpt\">Besidomin\u010dius Psichodinamin\u0117s grupi\u0173 psichoterapijos, Grupin\u0117s analiz\u0117s ir Darbo su suaugusi\u0173j\u0173 grup\u0117mis organizacijose studijomis, taip pat \u0161i\u0173 program\u0173 studentus, absolventus ir visus, kurie domisi grupi\u0173 santykiais, kvie\u010diame \u012f 2025 m. lapkri\u010dio 6 d. 18 val. online vyksiant\u012f tradicin\u012f seminar\u0105-diskusij\u0105. Tai puiki proga susipa\u017einti su esamais ir buvusiais studentais, sutikti buvusius mokslo draugus, daugiau su\u017einoti apie grupes.Skaityti&hellip; <\/p><\/div>\n\n<div class=\"wp-block-post-date\"><time datetime=\"2025-10-17T15:06:36+03:00\">2025-10-17<\/time><\/div><\/div><\/div>\n\n<\/li><li class=\"wp-block-post post-802 post type-post status-publish format-standard hentry category-naujienos\">\n\n<div class=\"wp-block-group\" style=\"padding-top:30px;padding-right:30px;padding-bottom:30px;padding-left:30px\"><div class=\"wp-block-group__inner-container is-layout-flow wp-block-group-is-layout-flow\"><h2 class=\"wp-block-post-title\"><a href=\"https:\/\/www.psichoterapijos-mokymas.lt\/grup\/2025\/10\/02\/kvieciame-i-2026-m-sausi-prasidedancias-studijas\/\" target=\"_self\" >Kvie\u010diame \u012f 2026 m. saus\u012f prasidedan\u010dias studijas!<\/a><\/h2>\n\n<div class=\"wp-block-post-excerpt\"><p class=\"wp-block-post-excerpt__excerpt\">Prasideda pri\u0117mimas \u012f 2026 m. sausio 29 d. prasidedan\u010dias Psichodinamin\u0117s grupi\u0173 psichoterapijos (PGT) ir Darbo su suaugusi\u0173j\u0173 grup\u0117mis organizacijose (ORG) studijas. \u0160iose studijose integraliai susisieja teorija, tarpasmeninis mokymasis ir asmeninis patyrimas. Raginame nepraleisti \u0161ios galimyb\u0117s ir kvie\u010diame teikti parai\u0161kas iki 2025 m. lapkri\u010dio 23 d. Kvietimus studijuoti rasite \u010dia: Kvietimas \u012f PGT program\u0105 Kvietimas \u012fSkaityti&hellip; <\/p><\/div>\n\n<div class=\"wp-block-post-date\"><time datetime=\"2025-10-02T00:16:53+03:00\">2025-10-02<\/time><\/div><\/div><\/div>\n\n<\/li><\/ul><\/div>\n","protected":false},"excerpt":{"rendered":"","protected":false},"author":1,"featured_media":0,"parent":0,"menu_order":1,"comment_status":"closed","ping_status":"closed","template":"","meta":{"footnotes":""},"class_list":["post-29","page","type-page","status-publish","hentry"],"aioseo_notices":[],"_links":{"self":[{"href":"https:\/\/www.psichoterapijos-mokymas.lt\/grup\/wp-json\/wp\/v2\/pages\/29","targetHints":{"allow":["GET"]}}],"collection":[{"href":"https:\/\/www.psichoterapijos-mokymas.lt\/grup\/wp-json\/wp\/v2\/pages"}],"about":[{"href":"https:\/\/www.psichoterapijos-mokymas.lt\/grup\/wp-json\/wp\/v2\/types\/page"}],"author":[{"embeddable":true,"href":"https:\/\/www.psichoterapijos-mokymas.lt\/grup\/wp-json\/wp\/v2\/users\/1"}],"replies":[{"embeddable":true,"href":"https:\/\/www.psichoterapijos-mokymas.lt\/grup\/wp-json\/wp\/v2\/comments?post=29"}],"version-history":[{"count":15,"href":"https:\/\/www.psichoterapijos-mokymas.lt\/grup\/wp-json\/wp\/v2\/pages\/29\/revisions"}],"predecessor-version":[{"id":792,"href":"https:\/\/www.psichoterapijos-mokymas.lt\/grup\/wp-json\/wp\/v2\/pages\/29\/revisions\/792"}],"wp:attachment":[{"href":"https:\/\/www.psichoterapijos-mokymas.lt\/grup\/wp-json\/wp\/v2\/media?parent=29"}],"curies":[{"name":"wp","href":"https:\/\/api.w.org\/{rel}","templated":true}]}}