{"id":32,"date":"2019-07-16T19:47:38","date_gmt":"2019-07-16T19:47:38","guid":{"rendered":"http:\/\/psichoterapijos-mokymas.org\/grup\/\/?page_id=32"},"modified":"2025-10-22T22:04:17","modified_gmt":"2025-10-22T19:04:17","slug":"norintiems-mokytis","status":"publish","type":"page","link":"https:\/\/www.psichoterapijos-mokymas.lt\/grup\/norintiems-mokytis\/","title":{"rendered":"Norintiems mokytis"},"content":{"rendered":"\n<p><strong>BENDRA INFORMACIJA VISOMS TRIMS PROGRAMOMS<\/strong><\/p>\n\n\n\n<p><strong>Mokymo programos<\/strong>&nbsp;&#8211; tai&nbsp;mokymosi vis\u0105 gyvenim\u0105 podiplomin\u0117s studijos Vilniaus universitete.<\/p>\n\n\n\n<p><strong>Mokymosi laikas:<\/strong> \u0161iose programose galima mokytis ilgam&nbsp;neatsitraukiant nuo tiesioginio darbo. Studijos vyksta per mokym\u0173 blokus, kurie vyksta ketvirtadieniais-\u0161e\u0161tadieniais.&nbsp;I\u0161 viso \u012fvyksta penki tokie mokymosi blokai per metus.<\/p>\n\n\n\n<p><strong>Mokymo formos:<\/strong><br>1. Teorin\u0117s paskaitos ir\u00a0seminarai;<br>2. Techniniai ir praktiniai seminarai;<br>3. Savaranki\u0161ka praktika su profesine prie\u017ei\u016bra;<br>4. Asmenin\u0117 patirtis terapiniuose procesuose grup\u0117se;<br>5. Savaranki\u0161kas literat\u016bros studijavimas;<br>6. Darbas tarpusavio profesin\u0117s prie\u017ei\u016bros grup\u0117se.\u00a0<br>7. Ruo\u0161imasis seminarams.<br>8.\u00a0Ra\u0161to darbo ra\u0161ymas.<\/p>\n\n\n\n<p><strong>Studij\u0173 kalba<\/strong>: u\u017esi\u0117mimai vyksta lietuvi\u0173 kalba,&nbsp;reikalingas pakankamas angl\u0173 kalbos mok\u0117jimas profesin\u0117s literat\u016bros skaitymui.<br><br><strong>Lankomumas:<\/strong> b\u016btina lankyti ne ma\u017eiau kaip 80 % bet kurios r\u016b\u0161ies u\u017esi\u0117mim\u0173.<\/p>\n\n\n\n<p><br><\/p>\n\n\n\n<div class=\"wp-block-buttons is-layout-flex wp-block-buttons-is-layout-flex\">\n<div class=\"wp-block-button\"><a class=\"wp-block-button__link has-background wp-element-button\" href=\"http:\/\/psichoterapijos-mokymas.lt\/grup\/norintiems-mokytis\/priemimo-tvarka\/\" style=\"background-color:#414141\">Pri\u0117mimo tvarka<\/a><\/div>\n\n\n\n<div class=\"wp-block-button\"><a class=\"wp-block-button__link has-background wp-element-button\" href=\"https:\/\/www.psichoterapijos-mokymas.lt\/grup\/norintiems-mokytis\/prasymo-formos\/\" style=\"background-color:#414141\">Pra\u0161ymo forma<\/a><\/div>\n<\/div>\n\n\n\n<p><br><br>Programas pokalbyje pristato j\u0173 mokytojai Birut\u0117 \u0160vedait\u0117-Sakalausk\u0117 (PGT), Milda Autukait\u0117 (ORG) ir Valentas Neviera (ORG):<\/p>\n\n\n\n<figure class=\"wp-block-embed is-type-video is-provider-youtube wp-block-embed-youtube wp-embed-aspect-16-9 wp-has-aspect-ratio\"><div class=\"wp-block-embed__wrapper\">\n<iframe loading=\"lazy\" title=\"Grupin\u0117s psichoterapijos ir Darbo su grup\u0117mis organizacijose mokym\u0173 program\u0173 pristatymas 2025\" width=\"640\" height=\"360\" src=\"https:\/\/www.youtube.com\/embed\/C7j8wHMVvYo?feature=oembed\" frameborder=\"0\" allow=\"accelerometer; autoplay; clipboard-write; encrypted-media; gyroscope; picture-in-picture; web-share\" referrerpolicy=\"strict-origin-when-cross-origin\" allowfullscreen><\/iframe>\n<\/div><\/figure>\n","protected":false},"excerpt":{"rendered":"<p>BENDRA INFORMACIJA VISOMS TRIMS PROGRAMOMS Mokymo programos&nbsp;&#8211; tai&nbsp;mokymosi vis\u0105 gyvenim\u0105 podiplomin\u0117s studijos Vilniaus universitete. Mokymosi laikas: \u0161iose programose galima mokytis ilgam&nbsp;neatsitraukiant nuo tiesioginio darbo. Studijos vyksta per mokym\u0173 blokus, kurie vyksta ketvirtadieniais-\u0161e\u0161tadieniais.&nbsp;I\u0161 viso \u012fvyksta penki tokie mokymosi blokai per metus. Mokymo formos:1. Teorin\u0117s paskaitos ir\u00a0seminarai;2. Techniniai ir praktiniai seminarai;3. Savaranki\u0161ka praktika su profesine prie\u017ei\u016bra;4. Asmenin\u0117<\/p>\n<p class=\"text-right\"><span class=\"screen-reader-text\">Skaityti toliau&#8230; Norintiems mokytis<\/span><a class=\"btn btn-secondary continue-reading\" href=\"https:\/\/www.psichoterapijos-mokymas.lt\/grup\/norintiems-mokytis\/\">Skaityti toliau&#8230;<\/a><\/p>\n","protected":false},"author":1,"featured_media":0,"parent":0,"menu_order":3,"comment_status":"closed","ping_status":"closed","template":"","meta":{"footnotes":""},"class_list":["post-32","page","type-page","status-publish","hentry"],"aioseo_notices":[],"_links":{"self":[{"href":"https:\/\/www.psichoterapijos-mokymas.lt\/grup\/wp-json\/wp\/v2\/pages\/32","targetHints":{"allow":["GET"]}}],"collection":[{"href":"https:\/\/www.psichoterapijos-mokymas.lt\/grup\/wp-json\/wp\/v2\/pages"}],"about":[{"href":"https:\/\/www.psichoterapijos-mokymas.lt\/grup\/wp-json\/wp\/v2\/types\/page"}],"author":[{"embeddable":true,"href":"https:\/\/www.psichoterapijos-mokymas.lt\/grup\/wp-json\/wp\/v2\/users\/1"}],"replies":[{"embeddable":true,"href":"https:\/\/www.psichoterapijos-mokymas.lt\/grup\/wp-json\/wp\/v2\/comments?post=32"}],"version-history":[{"count":16,"href":"https:\/\/www.psichoterapijos-mokymas.lt\/grup\/wp-json\/wp\/v2\/pages\/32\/revisions"}],"predecessor-version":[{"id":905,"href":"https:\/\/www.psichoterapijos-mokymas.lt\/grup\/wp-json\/wp\/v2\/pages\/32\/revisions\/905"}],"wp:attachment":[{"href":"https:\/\/www.psichoterapijos-mokymas.lt\/grup\/wp-json\/wp\/v2\/media?parent=32"}],"curies":[{"name":"wp","href":"https:\/\/api.w.org\/{rel}","templated":true}]}}