{"id":39,"date":"2019-07-16T19:50:10","date_gmt":"2019-07-16T19:50:10","guid":{"rendered":"http:\/\/psichoterapijos-mokymas.org\/grup\/\/?page_id=39"},"modified":"2025-10-01T00:03:09","modified_gmt":"2025-09-30T21:03:09","slug":"kursantams","status":"publish","type":"page","link":"https:\/\/www.psichoterapijos-mokymas.lt\/grup\/kursantams\/","title":{"rendered":"Besimokantiems"},"content":{"rendered":"\n<div class=\"wp-block-button\"><a class=\"wp-block-button__link has-background\" href=\"http:\/\/psichoterapijos-mokymas.org\/grup\/kursantams\/mokymo-bloku-datos\/\" style=\"background-color:#0b5600\">Mokymo blok\u0173 datos<\/a><\/div>\n\n\n\n<div class=\"wp-block-button\"><a class=\"wp-block-button__link has-background\" href=\"http:\/\/psichoterapijos-mokymas.org\/grup\/kursantams\/baigiamuju-darbu-pateikimo-datos\/\" style=\"background-color:#0b5600\">Baigiam\u0173j\u0173 darb\u0173 pateikimo datos<\/a><\/div>\n\n\n\n<div class=\"wp-block-button\"><a class=\"wp-block-button__link has-background\" href=\"http:\/\/psichoterapijos-mokymas.org\/grup\/kursantams\/programos-etikos-kodeksas\/\" style=\"background-color:#0b5600\"> Ra\u0161to darb\u0173 reikalavimai<\/a><\/div>\n\n\n\n<div class=\"wp-block-button\"><a class=\"wp-block-button__link has-background\" href=\"http:\/\/psichoterapijos-mokymas.org\/grup\/kursantams\/supervizoriai\/\" style=\"background-color:#0b5600\">Supervizoriai<\/a><\/div>\n","protected":false},"excerpt":{"rendered":"","protected":false},"author":1,"featured_media":0,"parent":0,"menu_order":4,"comment_status":"closed","ping_status":"closed","template":"","meta":{"footnotes":""},"class_list":["post-39","page","type-page","status-publish","hentry"],"aioseo_notices":[],"_links":{"self":[{"href":"https:\/\/www.psichoterapijos-mokymas.lt\/grup\/wp-json\/wp\/v2\/pages\/39","targetHints":{"allow":["GET"]}}],"collection":[{"href":"https:\/\/www.psichoterapijos-mokymas.lt\/grup\/wp-json\/wp\/v2\/pages"}],"about":[{"href":"https:\/\/www.psichoterapijos-mokymas.lt\/grup\/wp-json\/wp\/v2\/types\/page"}],"author":[{"embeddable":true,"href":"https:\/\/www.psichoterapijos-mokymas.lt\/grup\/wp-json\/wp\/v2\/users\/1"}],"replies":[{"embeddable":true,"href":"https:\/\/www.psichoterapijos-mokymas.lt\/grup\/wp-json\/wp\/v2\/comments?post=39"}],"version-history":[{"count":7,"href":"https:\/\/www.psichoterapijos-mokymas.lt\/grup\/wp-json\/wp\/v2\/pages\/39\/revisions"}],"predecessor-version":[{"id":765,"href":"https:\/\/www.psichoterapijos-mokymas.lt\/grup\/wp-json\/wp\/v2\/pages\/39\/revisions\/765"}],"wp:attachment":[{"href":"https:\/\/www.psichoterapijos-mokymas.lt\/grup\/wp-json\/wp\/v2\/media?parent=39"}],"curies":[{"name":"wp","href":"https:\/\/api.w.org\/{rel}","templated":true}]}}