{"id":5,"date":"2019-07-10T18:07:12","date_gmt":"2019-07-10T18:07:12","guid":{"rendered":"http:\/\/localhost\/wordpress\/?page_id=5"},"modified":"2025-10-22T22:00:20","modified_gmt":"2025-10-22T19:00:20","slug":"iptk","status":"publish","type":"page","link":"https:\/\/www.psichoterapijos-mokymas.lt\/grup\/iptk\/","title":{"rendered":"Apie programas"},"content":{"rendered":"\n<p class=\"has-medium-font-size\"><a href=\"https:\/\/www.psichoterapijos-mokymas.lt\/grup\/programa\/\" title=\"PGT kursas\">Psichodinamin\u0117 grupi\u0173 psichoterapija (PGT)<\/a><\/p>\n\n\n\n<p class=\"has-medium-font-size\"><a href=\"https:\/\/www.psichoterapijos-mokymas.lt\/grup\/grupines-analizes-kursas\/\" title=\"GA kursas\">Grupin\u0117 analiz\u0117 (GA)<\/a><\/p>\n\n\n\n<p class=\"has-medium-font-size\"><a href=\"https:\/\/www.psichoterapijos-mokymas.lt\/grup\/org-kursas\/\" title=\"ORG kursas\">Darbas su suaugusi\u0173j\u0173 grup\u0117mis organizacijose (ORG)<\/a><\/p>\n\n\n\n<p><\/p>\n\n\n\n<p><br>Programas pokalbyje pristato j\u0173 mokytojai Birut\u0117 \u0160vedait\u0117-Sakalausk\u0117 (PGT), Milda Autukait\u0117 (ORG) ir Valentas Neviera (ORG):<\/p>\n\n\n\n<figure class=\"wp-block-embed is-type-video is-provider-youtube wp-block-embed-youtube wp-embed-aspect-16-9 wp-has-aspect-ratio\"><div class=\"wp-block-embed__wrapper\">\n<iframe loading=\"lazy\" title=\"Grupin\u0117s psichoterapijos ir Darbo su grup\u0117mis organizacijose mokym\u0173 program\u0173 pristatymas 2025\" width=\"640\" height=\"360\" src=\"https:\/\/www.youtube.com\/embed\/C7j8wHMVvYo?feature=oembed\" frameborder=\"0\" allow=\"accelerometer; autoplay; clipboard-write; encrypted-media; gyroscope; picture-in-picture; web-share\" referrerpolicy=\"strict-origin-when-cross-origin\" allowfullscreen><\/iframe>\n<\/div><\/figure>\n","protected":false},"excerpt":{"rendered":"<p>Psichodinamin\u0117 grupi\u0173 psichoterapija (PGT) Grupin\u0117 analiz\u0117 (GA) Darbas su suaugusi\u0173j\u0173 grup\u0117mis organizacijose (ORG) Programas pokalbyje pristato j\u0173 mokytojai Birut\u0117 \u0160vedait\u0117-Sakalausk\u0117 (PGT), Milda Autukait\u0117 (ORG) ir Valentas Neviera (ORG):<\/p>\n","protected":false},"author":1,"featured_media":11,"parent":0,"menu_order":2,"comment_status":"closed","ping_status":"closed","template":"","meta":{"footnotes":""},"class_list":["post-5","page","type-page","status-publish","has-post-thumbnail","hentry"],"aioseo_notices":[],"_links":{"self":[{"href":"https:\/\/www.psichoterapijos-mokymas.lt\/grup\/wp-json\/wp\/v2\/pages\/5","targetHints":{"allow":["GET"]}}],"collection":[{"href":"https:\/\/www.psichoterapijos-mokymas.lt\/grup\/wp-json\/wp\/v2\/pages"}],"about":[{"href":"https:\/\/www.psichoterapijos-mokymas.lt\/grup\/wp-json\/wp\/v2\/types\/page"}],"author":[{"embeddable":true,"href":"https:\/\/www.psichoterapijos-mokymas.lt\/grup\/wp-json\/wp\/v2\/users\/1"}],"replies":[{"embeddable":true,"href":"https:\/\/www.psichoterapijos-mokymas.lt\/grup\/wp-json\/wp\/v2\/comments?post=5"}],"version-history":[{"count":32,"href":"https:\/\/www.psichoterapijos-mokymas.lt\/grup\/wp-json\/wp\/v2\/pages\/5\/revisions"}],"predecessor-version":[{"id":901,"href":"https:\/\/www.psichoterapijos-mokymas.lt\/grup\/wp-json\/wp\/v2\/pages\/5\/revisions\/901"}],"wp:featuredmedia":[{"embeddable":true,"href":"https:\/\/www.psichoterapijos-mokymas.lt\/grup\/wp-json\/wp\/v2\/media\/11"}],"wp:attachment":[{"href":"https:\/\/www.psichoterapijos-mokymas.lt\/grup\/wp-json\/wp\/v2\/media?parent=5"}],"curies":[{"name":"wp","href":"https:\/\/api.w.org\/{rel}","templated":true}]}}