{"id":50,"date":"2019-07-16T19:55:39","date_gmt":"2019-07-16T19:55:39","guid":{"rendered":"http:\/\/psichoterapijos-mokymas.org\/grup\/\/?page_id=50"},"modified":"2025-12-22T10:07:49","modified_gmt":"2025-12-22T08:07:49","slug":"baigiamuju-darbu-reikalavimai","status":"publish","type":"page","link":"https:\/\/www.psichoterapijos-mokymas.lt\/grup\/kursantams\/baigiamuju-darbu-reikalavimai\/","title":{"rendered":"Baigiam\u0173j\u0173 darb\u0173 reikalavimai"},"content":{"rendered":"\n<p><a href=\"https:\/\/www.psichoterapijos-mokymas.lt\/grup\/wp-content\/uploads\/2024\/01\/PGT-Reglamento-PRIEDAS-2.pdf\" title=\"\"><strong>PGT <\/strong>mokymosi programos baigiamojo ra\u0161to darbo reikalavimai (Reglamento priedas Nr. 2)<\/a><\/p>\n\n\n\n<p><a href=\"https:\/\/www.psichoterapijos-mokymas.lt\/grup\/wp-content\/uploads\/2024\/01\/GA-Reglamento-PRIEDAS-2-1.pdf\" title=\"\"><strong>GA <\/strong>mokymosi programos baigiamojo ra\u0161to darbo reikalavimai (Reglamento priedas Nr. 2)<\/a><\/p>\n\n\n\n<p><a href=\"https:\/\/www.psichoterapijos-mokymas.lt\/grup\/wp-content\/uploads\/2025\/12\/Final_ORG-baigiamojo-rasto-darbo-reikalavimai_2024-01.pdf\" title=\"Final_ORG baigiamojo ras\u030cto darbo reikalavimai_2024-01\"><strong>ORG <\/strong>mokymosi programos baigiamojo ra\u0161to darbo reikalavimai (Reglamento priedas Nr. 2)<\/a><\/p>\n\n\n\n<p><\/p>\n","protected":false},"excerpt":{"rendered":"<p>PGT mokymosi programos baigiamojo ra\u0161to darbo reikalavimai (Reglamento priedas Nr. 2) GA mokymosi programos baigiamojo ra\u0161to darbo reikalavimai (Reglamento priedas Nr. 2) ORG mokymosi programos baigiamojo ra\u0161to darbo reikalavimai (Reglamento priedas Nr. 2)<\/p>\n","protected":false},"author":1,"featured_media":0,"parent":39,"menu_order":3,"comment_status":"closed","ping_status":"closed","template":"","meta":{"footnotes":""},"class_list":["post-50","page","type-page","status-publish","hentry"],"aioseo_notices":[],"_links":{"self":[{"href":"https:\/\/www.psichoterapijos-mokymas.lt\/grup\/wp-json\/wp\/v2\/pages\/50","targetHints":{"allow":["GET"]}}],"collection":[{"href":"https:\/\/www.psichoterapijos-mokymas.lt\/grup\/wp-json\/wp\/v2\/pages"}],"about":[{"href":"https:\/\/www.psichoterapijos-mokymas.lt\/grup\/wp-json\/wp\/v2\/types\/page"}],"author":[{"embeddable":true,"href":"https:\/\/www.psichoterapijos-mokymas.lt\/grup\/wp-json\/wp\/v2\/users\/1"}],"replies":[{"embeddable":true,"href":"https:\/\/www.psichoterapijos-mokymas.lt\/grup\/wp-json\/wp\/v2\/comments?post=50"}],"version-history":[{"count":6,"href":"https:\/\/www.psichoterapijos-mokymas.lt\/grup\/wp-json\/wp\/v2\/pages\/50\/revisions"}],"predecessor-version":[{"id":927,"href":"https:\/\/www.psichoterapijos-mokymas.lt\/grup\/wp-json\/wp\/v2\/pages\/50\/revisions\/927"}],"up":[{"embeddable":true,"href":"https:\/\/www.psichoterapijos-mokymas.lt\/grup\/wp-json\/wp\/v2\/pages\/39"}],"wp:attachment":[{"href":"https:\/\/www.psichoterapijos-mokymas.lt\/grup\/wp-json\/wp\/v2\/media?parent=50"}],"curies":[{"name":"wp","href":"https:\/\/api.w.org\/{rel}","templated":true}]}}