{"id":54,"date":"2019-07-16T19:57:57","date_gmt":"2019-07-16T19:57:57","guid":{"rendered":"http:\/\/psichoterapijos-mokymas.org\/grup\/\/?page_id=54"},"modified":"2025-09-30T20:04:59","modified_gmt":"2025-09-30T17:04:59","slug":"i-kursas","status":"publish","type":"page","link":"https:\/\/www.psichoterapijos-mokymas.lt\/grup\/programa\/i-kursas\/","title":{"rendered":"I kursas"},"content":{"rendered":"\n<p class=\"has-medium-font-size\"><strong><strong>\u012evadas \u012f grupin\u0119 psichoterapij\u0105 ir grupi\u0173 psichodinamik\u0105<\/strong> <\/strong><em> <\/em><br><em>(Dr. Birut\u0117 \u0160vedait\u0117-Sakalausk\u0117)<\/em><\/p>\n\n\n\n<p>Studentai su\u017einos ir \u012fsisavins darbo su psichoterapin\u0117mis bei neklinikin\u0117mis suaugusi\u0173j\u0173 grup\u0117mis&nbsp;&nbsp;pradmenis, pagr\u012fstus psichodinaminiu sisteminiu po\u017ei\u016briu<\/p>\n\n\n\n<p><strong>Paskait\u0173 ir seminar\u0173 metu bus gilinamasi \u012f \u0161ias temas: <\/strong><br>1. Grupin\u0117s psichoterapijos istorija nuo u\u017euomazg\u0173 S. Freudo laikais iki \u0161i\u0173 dien\u0173. Analitin\u0117s grupin\u0117s terapijos kryptys ir j\u0173 k\u016br\u0117jai. <br>2. Grup\u0117 kaip psichologinio poveikio priemon\u0117. Terapiniai grup\u0117s veiksniai. Psichodinaminis po\u017ei\u016bris organizacijose ir grup\u0117se.&nbsp;<br>3. Grupi\u0173 raida ir jos stadijos. Esminiai teoriniai grupi\u0173 raidos modeliai.<br>4. Praktiniai grupi\u0173 formavimo ir vedimo klausimai. Indikacija grupinei terapijai. Grupi\u0173 vadovo vaidmenys. Intervencijos technik\u0173 klausimas.<br>5. Grupin\u0117s psichoterapijos, grupi\u0173 dinamikos efektyvumas ir jo \u012fvertinimo galimyb\u0117s.<\/p>\n\n\n\n<p><\/p>\n","protected":false},"excerpt":{"rendered":"<p>\u012evadas \u012f grupin\u0119 psichoterapij\u0105 ir grupi\u0173 psichodinamik\u0105 (Dr. Birut\u0117 \u0160vedait\u0117-Sakalausk\u0117) Studentai su\u017einos ir \u012fsisavins darbo su psichoterapin\u0117mis bei neklinikin\u0117mis suaugusi\u0173j\u0173 grup\u0117mis&nbsp;&nbsp;pradmenis, pagr\u012fstus psichodinaminiu sisteminiu po\u017ei\u016briu Paskait\u0173 ir seminar\u0173 metu bus gilinamasi \u012f \u0161ias temas: 1. Grupin\u0117s psichoterapijos istorija nuo u\u017euomazg\u0173 S. Freudo laikais iki \u0161i\u0173 dien\u0173. Analitin\u0117s grupin\u0117s terapijos kryptys ir j\u0173 k\u016br\u0117jai. 2. Grup\u0117<\/p>\n<p class=\"text-right\"><span class=\"screen-reader-text\">Skaityti toliau&#8230; I kursas<\/span><a class=\"btn btn-secondary continue-reading\" href=\"https:\/\/www.psichoterapijos-mokymas.lt\/grup\/programa\/i-kursas\/\">Skaityti toliau&#8230;<\/a><\/p>\n","protected":false},"author":1,"featured_media":0,"parent":16,"menu_order":1,"comment_status":"closed","ping_status":"closed","template":"","meta":{"footnotes":""},"class_list":["post-54","page","type-page","status-publish","hentry"],"aioseo_notices":[],"_links":{"self":[{"href":"https:\/\/www.psichoterapijos-mokymas.lt\/grup\/wp-json\/wp\/v2\/pages\/54","targetHints":{"allow":["GET"]}}],"collection":[{"href":"https:\/\/www.psichoterapijos-mokymas.lt\/grup\/wp-json\/wp\/v2\/pages"}],"about":[{"href":"https:\/\/www.psichoterapijos-mokymas.lt\/grup\/wp-json\/wp\/v2\/types\/page"}],"author":[{"embeddable":true,"href":"https:\/\/www.psichoterapijos-mokymas.lt\/grup\/wp-json\/wp\/v2\/users\/1"}],"replies":[{"embeddable":true,"href":"https:\/\/www.psichoterapijos-mokymas.lt\/grup\/wp-json\/wp\/v2\/comments?post=54"}],"version-history":[{"count":15,"href":"https:\/\/www.psichoterapijos-mokymas.lt\/grup\/wp-json\/wp\/v2\/pages\/54\/revisions"}],"predecessor-version":[{"id":569,"href":"https:\/\/www.psichoterapijos-mokymas.lt\/grup\/wp-json\/wp\/v2\/pages\/54\/revisions\/569"}],"up":[{"embeddable":true,"href":"https:\/\/www.psichoterapijos-mokymas.lt\/grup\/wp-json\/wp\/v2\/pages\/16"}],"wp:attachment":[{"href":"https:\/\/www.psichoterapijos-mokymas.lt\/grup\/wp-json\/wp\/v2\/media?parent=54"}],"curies":[{"name":"wp","href":"https:\/\/api.w.org\/{rel}","templated":true}]}}