{"id":58,"date":"2019-07-16T19:59:00","date_gmt":"2019-07-16T19:59:00","guid":{"rendered":"http:\/\/psichoterapijos-mokymas.org\/grup\/\/?page_id=58"},"modified":"2020-01-20T17:42:42","modified_gmt":"2020-01-20T15:42:42","slug":"iii-kursas","status":"publish","type":"page","link":"https:\/\/www.psichoterapijos-mokymas.lt\/grup\/programa\/iii-kursas\/","title":{"rendered":"III kursas"},"content":{"rendered":"\n<p class=\"has-medium-font-size\"><strong>GRUPIN\u0116S PSICHOTERAPIJOS TEORIJA IR PRAKTIKA<\/strong> <br><em>(T. Tiri\u016bn\u0117)<\/em><\/p>\n\n\n\n<p>Tre\u010dio kurso literat\u016bros analiz\u0117s seminar\u0173 metu klausytojai, \u0161iais metais pradedantys savaranki\u0161kai vesti psichoterapines grupes, gilins supratim\u0105 apie pacient\u0173 ruo\u0161im\u0105 psichoterapinei grupei, analizuos klasikin\u0119 literat\u016br\u0105 apie specifinius grup\u0117s faktorius, jos terapinius veiksnius, pl\u0117s supratim\u0105 apie tokius fenomenus kaip perk\u0117limas, kontrperk\u0117limas, projekcin\u0117 identifikacija. Daug laiko bus skiriama interpretacijai, kaip vienam i\u0161 pagrindini\u0173 terapeuto darbo instrument\u0173 grupin\u0117je psichoterapijoje.&nbsp;<\/p>\n\n\n\n<p><strong>I. Pacient\u0173 parengimas grupei.&nbsp;<\/strong>Klausytojai studijuos \u012fvairi\u0173 autori\u0173 (I. D. Yalom, M. Leszcz, J. S. Rutan, W. N. Stoun, J. Shay) ra\u0161tus apie pacient\u0173 atrank\u0105 \u012f grupes ( atrankos kriterijai, terapin\u0117 prognoz\u0117, pacientai, kuriems netinka grup\u0117 ir kt.), gilinsis \u012f grup\u0117s k\u016brimo momentus (vieta, laikas, dydis, grup\u0117s prad\u017eios ypatumai ir kt.), susipa\u017eins su i\u0161samiu W. E. Piper ir E. L. Perrault&nbsp;&nbsp;tyrimu, analizuojan\u010diu grup\u0117s nari\u0173 ruo\u0161im\u0105 psichoterapinei grupei. <br><strong>II. Specifiniai grup\u0117s faktoriai.&nbsp;<\/strong>Bus analizuojama literat\u016bra, skirta specifiniams terapin\u0117s grup\u0117s gydantiems faktoriams, kitiems grup\u0117s veikimo mechanizmams. Daug d\u0117mesio bus skiriama ,,veidrod\u017eio\u201d, ,,atspind\u017eio\u201d koncepcijai , \u0161i\u0173 fenomen\u0173 \u012ftakai savasties formavimuisi, sociumui ir grup\u0117s raidai.&nbsp;Bus analizuojami S.H.&nbsp;Foulkes, D. W. Winnicott, M.&nbsp;Pines ra\u0161tai.&nbsp;<br><strong>III. Terapiniai grupin\u0117s psichoterapijos veiksniai&nbsp;<\/strong>Studijuojant J. Scott Rutan, Walter N. Stoun, J. Shay, S. Bloch, S.Crouch ra\u0161tus, bus ple\u010diamas klausytoj\u0173 supratimas apie grupin\u0117s psichoterapijos gydan\u010dius faktorius,&nbsp;&nbsp;tokius, kaip vilties stiprinimas, patirties universalumas, informacijos gavimas, altruizmas, katarsis, grup\u0117s sutelktumas&nbsp;&nbsp;ir kt.&nbsp;<br><strong>IV. Kontrperk\u0117limas, projekcin\u0117 identifikacija.&nbsp;<\/strong>Klausytojai susipa\u017eins su literat\u016bra, skirta kontrperk\u0117limo, projekcin\u0117s identifikacijos fenomenams, j\u0173&nbsp;&nbsp;rai\u0161kai, supratimui grupin\u0117je psichoterapijoje.&nbsp;&nbsp;\u0160ios temos bus analizuojamos studijuojant P. Heiman, H. T. Glatzer, L. R. Ormont, K. Konig, T. H. Ogden straipsnius.&nbsp;<br><strong>V. Interpretacijos<\/strong>. Interpretacijos apib\u016bdinimas, supratimas, jos&nbsp;&nbsp;tinkamas naudojimas&nbsp;&nbsp;grupin\u0117je psichoterapijoje.&nbsp;&nbsp;\u0160ios temos bus analizuojama gilinantis \u012f&nbsp;&nbsp;\u012fvairi\u0173 autori\u0173 darbus: S. Sheidinger, E. G. Debbane et al.; A. Alonso, J. S. Rutan; Y. M. Agazarian.<\/p>\n","protected":false},"excerpt":{"rendered":"<p>GRUPIN\u0116S PSICHOTERAPIJOS TEORIJA IR PRAKTIKA (T. Tiri\u016bn\u0117) Tre\u010dio kurso literat\u016bros analiz\u0117s seminar\u0173 metu klausytojai, \u0161iais metais pradedantys savaranki\u0161kai vesti psichoterapines grupes, gilins supratim\u0105 apie pacient\u0173 ruo\u0161im\u0105 psichoterapinei grupei, analizuos klasikin\u0119 literat\u016br\u0105 apie specifinius grup\u0117s faktorius, jos terapinius veiksnius, pl\u0117s supratim\u0105 apie tokius fenomenus kaip perk\u0117limas, kontrperk\u0117limas, projekcin\u0117 identifikacija. Daug laiko bus skiriama interpretacijai, kaip vienam<\/p>\n<p class=\"text-right\"><span class=\"screen-reader-text\">Skaityti toliau&#8230; III kursas<\/span><a class=\"btn btn-secondary continue-reading\" href=\"https:\/\/www.psichoterapijos-mokymas.lt\/grup\/programa\/iii-kursas\/\">Skaityti toliau&#8230;<\/a><\/p>\n","protected":false},"author":1,"featured_media":0,"parent":16,"menu_order":3,"comment_status":"closed","ping_status":"closed","template":"","meta":{"footnotes":""},"class_list":["post-58","page","type-page","status-publish","hentry"],"aioseo_notices":[],"_links":{"self":[{"href":"https:\/\/www.psichoterapijos-mokymas.lt\/grup\/wp-json\/wp\/v2\/pages\/58","targetHints":{"allow":["GET"]}}],"collection":[{"href":"https:\/\/www.psichoterapijos-mokymas.lt\/grup\/wp-json\/wp\/v2\/pages"}],"about":[{"href":"https:\/\/www.psichoterapijos-mokymas.lt\/grup\/wp-json\/wp\/v2\/types\/page"}],"author":[{"embeddable":true,"href":"https:\/\/www.psichoterapijos-mokymas.lt\/grup\/wp-json\/wp\/v2\/users\/1"}],"replies":[{"embeddable":true,"href":"https:\/\/www.psichoterapijos-mokymas.lt\/grup\/wp-json\/wp\/v2\/comments?post=58"}],"version-history":[{"count":9,"href":"https:\/\/www.psichoterapijos-mokymas.lt\/grup\/wp-json\/wp\/v2\/pages\/58\/revisions"}],"predecessor-version":[{"id":521,"href":"https:\/\/www.psichoterapijos-mokymas.lt\/grup\/wp-json\/wp\/v2\/pages\/58\/revisions\/521"}],"up":[{"embeddable":true,"href":"https:\/\/www.psichoterapijos-mokymas.lt\/grup\/wp-json\/wp\/v2\/pages\/16"}],"wp:attachment":[{"href":"https:\/\/www.psichoterapijos-mokymas.lt\/grup\/wp-json\/wp\/v2\/media?parent=58"}],"curies":[{"name":"wp","href":"https:\/\/api.w.org\/{rel}","templated":true}]}}