{"id":60,"date":"2019-07-16T20:00:02","date_gmt":"2019-07-16T20:00:02","guid":{"rendered":"http:\/\/psichoterapijos-mokymas.org\/grup\/\/?page_id=60"},"modified":"2019-12-28T20:15:53","modified_gmt":"2019-12-28T18:15:53","slug":"iv-kursas","status":"publish","type":"page","link":"https:\/\/www.psichoterapijos-mokymas.lt\/grup\/programa\/iv-kursas\/","title":{"rendered":"IV kursas"},"content":{"rendered":"\n<h5 class=\"wp-block-heading\"><strong>GRUPI\u0172 TEORIJA<\/strong> <em>(E. Simutis)<\/em><\/h5>\n\n\n\n<p>Kurso tikslas \u2013 susipa\u017einti su grupi\u0173 terapija, grupi\u0173 dinamikos ypatumais ir pagrindiniais grupi\u0173 procesais. Kalb\u0117sim\u0117s apie perk\u0117lim\u0105, pasiprie\u0161inim\u0105, i\u0161veikas, j\u0173 rai\u0161kos ypatumus grup\u0117je. Taip pat aptarsime  darbo su grupe modelius, ma\u017e\u0173j\u0173 ir did\u017ei\u0173j\u0173 grupi\u0173 teorinius principus. Atskirai aptarsime ilgalaik\u0119 ir trumpalaik\u0119 grupin\u0119 terapij\u0105 psichiatrin\u0117se \u012fstaigose sisteminiu po\u017ei\u016briu. D\u0117mes\u012f skirsime ir darbui su sunkiais pacientais grup\u0117se, kylan\u010dias problemas, j\u0173 sprendimo b\u016bdus.<\/p>\n\n\n\n<ol class=\"wp-block-list\"><li><strong>Pasiprie\u0161inimas<\/strong><br>Pasiprie\u0161inimo samprata psichoanalitin\u0117je literat\u016broje, tipai ir \u0161altiniai. Projekcija, neigimas, identifikacija ir perk\u0117limas grup\u0117je. Pasiprie\u0161inimo dinamika ir grup\u0117s raidos procesai (pamatin\u0117s prielaidos: priklausomyb\u0117, kova\/b\u0117gimas, poravimasis). Pasiprie\u0161inimas intymumui grup\u0117je: kontraktas; pasiprie\u0161inimo formos grup\u0117je (verbalios ir neverbalios); po pasiprie\u0161inimu slypinti baim\u0117; infantilus intymumas; brandaus intymumo po\u017eymiai. Gynybos ir po jomis slypin\u010di\u0173 problem\u0173 supratimas. Autoplastin\u0117s ir aloplastin\u0117s gynybos grup\u0117s terapijoje. Gynyb\u0173 grup\u0117je kilm\u0117: individas, grup\u0117 kaip visuma, terapeuto kontraperk\u0117limas. Atvej\u0173 pavyzd\u017eiai. <\/li><li><strong>Did\u017eiosios grup\u0117s teorija<\/strong><br>Freud: kraujomai\u0161os baim\u0117 (1), tabu ir emocin\u0117 ambivalencija (2), animizmas, magija ir min\u010di\u0173 omnipotencija (3), totemizmas vaikyst\u0117je (4). Did\u017eiosios grup\u0117s formavimas. Did\u017eiosios grup\u0117s ypatumai ir terapeuto vaidmuo. Did\u017eiosios grup\u0117s keliama gr\u0117sm\u0117 tapatybei, tapatyb\u0117s fenomenologija. Vidin\u0117s ir i\u0161orin\u0117s tapatyb\u0117s ribos: dinamika tarp \u201ca\u0161\u201d ir \u201ca\u0161 esu\u201d. Gynybos, vyraujan\u010dios did\u017eiosiose grup\u0117se. Projekcin\u0117 identifikacija ir savastis. Projekcin\u0117s identifikacijos ir depersonalizacijos ry\u0161ys (asmenyb\u0117s invazija), terapeuto vaidmuo. Projekcijos gr\u0105\u017einimas. Individo santykis su did\u017ei\u0105ja grupe. Grup\u0117s pasyvumas, anonimizacija ir generalizacija, pavydas ir demokratizacija. Tapatyb\u0117s jausmo atstatymas. Did\u017ei\u0173j\u0173 ir ma\u017e\u0173 grupi\u0173 dinamikos skirtumai. Darbo did\u017eiojoje ir ma\u017eojoje grup\u0117je pavyzd\u017eiai. <\/li><li><strong>Grupi\u0173 psichoterapija&nbsp;&nbsp;psichiatrin\u0117se ligonin\u0117se<\/strong><br>Grupin\u0117s psichoterapijos i\u0161takos armijoje: sisteminis po\u017ei\u016bris. Sisteminis po\u017ei\u016bris \u012f ma\u017e\u0105sias grupes psichiatriniame kontekste: dinamin\u0117 s\u0105veika tarp ma\u017eosios grup\u0117s ir psichiatrin\u0117s aplinkos. Analitinis po\u017ei\u016bris \u012f psichiatrini\u0173 pacient\u0173 terapij\u0105. \u012e grup\u0119 centruoto po\u017ei\u016brio reik\u0161m\u0117 ir privalumai: Kernberg ir Bion po\u017ei\u016bri\u0173 skirtumai ir Kibel ego\u2013palaikanti grupin\u0117 terapija. Ma\u017e\u0173j\u0173 grupi\u0173 vaidmuo bendrame psichiatrinio gydymo kontekste. Ilgalaik\u0117 grupin\u0117 terapija psichiatrin\u0117je.&nbsp;<\/li><li><strong>I\u0161veika<\/strong><br>S\u0105sajos tarp atsiminimo ir i\u0161veikos, perdirbimas terapinio proceso metu. I\u0161veikos grupin\u0117s terapijos kontekste: grup\u0117s kaip \u0161eimos analogija. Literat\u016bros apie i\u0161veikas ap\u017evalga. Atvej\u0173 pavyzd\u017eiai. <\/li><li><strong> Sunk\u016bs pacientai grupin\u0117je psichoterapijoje<\/strong> <br>Sunk\u016bs pacientai: atpa\u017einimas, darbo ypatumai, terapeuto kompetencijos. Perk\u0117limo ir kontraperk\u0117limo ypatumai. Darbas su dvigubas diagnozes turin\u010diais pacientais. Grup\u0117s dinamika dirbant su sunkiais pacientais. Vaidmen\u0173 prisi\u0117mimas grup\u0117je. Terapijos kontekstas, rib\u0173 nustatymas. Klinikin\u0117s komandos funkcionavimo palaikymas ir prie\u017ei\u016bra. Atvej\u0173 pavyzd\u017eiai.<\/li><\/ol>\n\n\n\n<p><\/p>\n","protected":false},"excerpt":{"rendered":"<p>GRUPI\u0172 TEORIJA (E. Simutis) Kurso tikslas \u2013 susipa\u017einti su grupi\u0173 terapija, grupi\u0173 dinamikos ypatumais ir pagrindiniais grupi\u0173 procesais. Kalb\u0117sim\u0117s apie perk\u0117lim\u0105, pasiprie\u0161inim\u0105, i\u0161veikas, j\u0173 rai\u0161kos ypatumus grup\u0117je. Taip pat aptarsime darbo su grupe modelius, ma\u017e\u0173j\u0173 ir did\u017ei\u0173j\u0173 grupi\u0173 teorinius principus. Atskirai aptarsime ilgalaik\u0119 ir trumpalaik\u0119 grupin\u0119 terapij\u0105 psichiatrin\u0117se \u012fstaigose sisteminiu po\u017ei\u016briu. D\u0117mes\u012f skirsime ir darbui<\/p>\n<p class=\"text-right\"><span class=\"screen-reader-text\">Skaityti toliau&#8230; IV kursas<\/span><a class=\"btn btn-secondary continue-reading\" href=\"https:\/\/www.psichoterapijos-mokymas.lt\/grup\/programa\/iv-kursas\/\">Skaityti toliau&#8230;<\/a><\/p>\n","protected":false},"author":1,"featured_media":0,"parent":16,"menu_order":4,"comment_status":"closed","ping_status":"closed","template":"","meta":{"footnotes":""},"class_list":["post-60","page","type-page","status-publish","hentry"],"aioseo_notices":[],"_links":{"self":[{"href":"https:\/\/www.psichoterapijos-mokymas.lt\/grup\/wp-json\/wp\/v2\/pages\/60","targetHints":{"allow":["GET"]}}],"collection":[{"href":"https:\/\/www.psichoterapijos-mokymas.lt\/grup\/wp-json\/wp\/v2\/pages"}],"about":[{"href":"https:\/\/www.psichoterapijos-mokymas.lt\/grup\/wp-json\/wp\/v2\/types\/page"}],"author":[{"embeddable":true,"href":"https:\/\/www.psichoterapijos-mokymas.lt\/grup\/wp-json\/wp\/v2\/users\/1"}],"replies":[{"embeddable":true,"href":"https:\/\/www.psichoterapijos-mokymas.lt\/grup\/wp-json\/wp\/v2\/comments?post=60"}],"version-history":[{"count":8,"href":"https:\/\/www.psichoterapijos-mokymas.lt\/grup\/wp-json\/wp\/v2\/pages\/60\/revisions"}],"predecessor-version":[{"id":444,"href":"https:\/\/www.psichoterapijos-mokymas.lt\/grup\/wp-json\/wp\/v2\/pages\/60\/revisions\/444"}],"up":[{"embeddable":true,"href":"https:\/\/www.psichoterapijos-mokymas.lt\/grup\/wp-json\/wp\/v2\/pages\/16"}],"wp:attachment":[{"href":"https:\/\/www.psichoterapijos-mokymas.lt\/grup\/wp-json\/wp\/v2\/media?parent=60"}],"curies":[{"name":"wp","href":"https:\/\/api.w.org\/{rel}","templated":true}]}}